{"id":59,"date":"2025-01-01T16:12:50","date_gmt":"2025-01-01T16:12:50","guid":{"rendered":"https:\/\/abaf-pl.com\/about-us\/"},"modified":"2025-01-17T11:39:43","modified_gmt":"2025-01-17T11:39:43","slug":"hakkimizda-acilmis-tavuk-but","status":"publish","type":"page","link":"https:\/\/abaf-pl.com\/tr\/hakkimizda-acilmis-tavuk-but\/","title":{"rendered":""},"content":{"rendered":"\t\t<div data-elementor-type=\"wp-page\" data-elementor-id=\"59\" class=\"elementor elementor-59\">\n\t\t\t\t<div class=\"has_eae_slider elementor-element elementor-element-67dd98f elementor-hidden-tablet e-flex e-con-boxed e-con e-parent\" data-eae-slider=\"80339\" data-id=\"67dd98f\" data-element_type=\"container\" data-e-type=\"container\">\n\t\t\t\t\t<div class=\"e-con-inner\">\n\t\t\t\t<div class=\"elementor-element elementor-element-d6a80c8 elementor-hidden-desktop elementor-widget elementor-widget-heading\" data-id=\"d6a80c8\" data-element_type=\"widget\" data-e-type=\"widget\" data-widget_type=\"heading.default\">\n\t\t\t\t<div class=\"elementor-widget-container\">\n\t\t\t\t\t<h2 class=\"elementor-heading-title elementor-size-default\">G\u00fcvenilir \u0130\u015f Orta\u011f\u0131n\u0131z<\/h2>\t\t\t\t<\/div>\n\t\t\t\t<\/div>\n\t\t\t\t\t<\/div>\n\t\t\t\t<\/div>\n\t\t<div class=\"has_eae_slider elementor-element elementor-element-7fa2dc55 e-con-full e-flex e-con e-parent\" data-eae-slider=\"75054\" data-id=\"7fa2dc55\" data-element_type=\"container\" data-e-type=\"container\">\n\t\t<div class=\"has_eae_slider elementor-element elementor-element-11b0f0ce e-con-full e-flex e-con e-child\" data-eae-slider=\"55190\" data-id=\"11b0f0ce\" data-element_type=\"container\" data-e-type=\"container\">\n\t\t<div class=\"has_eae_slider elementor-element elementor-element-425aece2 e-con-full e-flex e-con e-child\" data-eae-slider=\"78735\" data-id=\"425aece2\" data-element_type=\"container\" data-e-type=\"container\">\n\t\t\t\t<div class=\"elementor-element elementor-element-2fe4dab2 elementor-hidden-mobile elementor-widget elementor-widget-heading\" data-id=\"2fe4dab2\" data-element_type=\"widget\" data-e-type=\"widget\" data-widget_type=\"heading.default\">\n\t\t\t\t<div class=\"elementor-widget-container\">\n\t\t\t\t\t<h1 class=\"elementor-heading-title elementor-size-default\">G\u00fcvenilir  \u0130\u015f Orta\u011f\u0131n\u0131z<\/h1>\t\t\t\t<\/div>\n\t\t\t\t<\/div>\n\t\t\t\t<div class=\"elementor-element elementor-element-365af02e elementor-widget__width-initial elementor-widget elementor-widget-text-editor\" data-id=\"365af02e\" data-element_type=\"widget\" data-e-type=\"widget\" data-settings=\"{&quot;_animation&quot;:&quot;none&quot;}\" data-widget_type=\"text-editor.default\">\n\t\t\t\t<div class=\"elementor-widget-container\">\n\t\t\t\t\t\t\t\t\t<p><span class=\"OYPEnA font-feature-liga-off font-feature-clig-off font-feature-calt-off text-decoration-none text-strikethrough-none\">A.B.A.F sp.z o.o. olarak,Polonya merkezli fabrikam\u0131zda ,y\u00fcksek kalite standartlar\u0131nda kuru kesim a\u00e7\u0131lm\u0131\u015f tavuk but \u00fcretimi ger\u00e7ekle\u015ftiriyoruz.Avrupa\u2019n\u0131n bir \u00e7ok noktas\u0131na ger\u00e7ekle\u015ftirdi\u011fimiz h\u0131zl\u0131 ve g\u00fcvenilir sevkiyatlarla,m\u00fc\u015fterilerimize taze ve sa\u011fl\u0131kl\u0131 \u00fcr\u00fcnler sunmay\u0131 taahh\u00fct ediyoruz<\/span><\/p><p><span class=\"OYPEnA font-feature-liga-off font-feature-clig-off font-feature-calt-off text-decoration-none text-strikethrough-none\">\u00dcretim s\u00fcre\u00e7lerimizde helal kesim esaslar\u0131na tam uyum sa\u011flayarak,m\u00fc\u015fterilerimizin dini hassasiyetlerini \u00f6n planda tutuyoruz.Kulland\u0131\u011f\u0131m\u0131z ileri teknoloji ve deneyimli ekibimiz sayesinde,en \u00fcst d\u00fczeyde kaliteyi garanti ediyoruz.<\/span><\/p><p><span class=\"OYPEnA font-feature-liga-off font-feature-clig-off font-feature-calt-off text-decoration-none text-strikethrough-none\">\u00dcr\u00fcnlerimiz,\u00f6zellikle b\u00fcy\u00fck firmalar i\u00e7in tasarlanm\u0131\u015f olup,g\u0131da sekt\u00f6r\u00fcnde g\u00fcvenilir bir i\u015f orta\u011f\u0131 olmay\u0131 hedefliyoruz.<\/span><\/p>\t\t\t\t\t\t\t\t<\/div>\n\t\t\t\t<\/div>\n\t\t\t\t<\/div>\n\t\t\t\t<div class=\"elementor-element elementor-element-14da5193 elementor-widget elementor-widget-heading\" data-id=\"14da5193\" data-element_type=\"widget\" data-e-type=\"widget\" data-settings=\"{&quot;_animation&quot;:&quot;none&quot;}\" data-widget_type=\"heading.default\">\n\t\t\t\t<div class=\"elementor-widget-container\">\n\t\t\t\t\t<span class=\"elementor-heading-title elementor-size-default\">ABAF sp.z o.o.<\/span>\t\t\t\t<\/div>\n\t\t\t\t<\/div>\n\t\t\t\t<\/div>\n\t\t<div class=\"has_eae_slider elementor-element elementor-element-6f9efb58 e-con-full e-flex e-con e-child\" data-eae-slider=\"60856\" data-id=\"6f9efb58\" data-element_type=\"container\" data-e-type=\"container\" data-settings=\"{&quot;background_background&quot;:&quot;classic&quot;}\">\n\t\t\t\t<\/div>\n\t\t\t\t<\/div>\n\t\t<div class=\"has_eae_slider elementor-element elementor-element-2cb2535d e-con-full e-flex e-con e-parent\" data-eae-slider=\"20675\" data-id=\"2cb2535d\" data-element_type=\"container\" data-e-type=\"container\">\n\t\t<div class=\"has_eae_slider elementor-element elementor-element-69060af5 e-con-full e-flex e-con e-child\" data-eae-slider=\"72807\" data-id=\"69060af5\" data-element_type=\"container\" data-e-type=\"container\" data-settings=\"{&quot;background_background&quot;:&quot;classic&quot;}\">\n\t\t\t\t<\/div>\n\t\t<div class=\"has_eae_slider elementor-element elementor-element-5630a2a7 e-con-full e-flex e-con e-child\" data-eae-slider=\"261\" data-id=\"5630a2a7\" data-element_type=\"container\" data-e-type=\"container\">\n\t\t\t\t<div class=\"elementor-element elementor-element-368e45ab elementor-widget elementor-widget-heading\" data-id=\"368e45ab\" data-element_type=\"widget\" data-e-type=\"widget\" data-widget_type=\"heading.default\">\n\t\t\t\t<div class=\"elementor-widget-container\">\n\t\t\t\t\t<h2 class=\"elementor-heading-title elementor-size-default\">Avrupa'da Her Yerdeyiz <\/h2>\t\t\t\t<\/div>\n\t\t\t\t<\/div>\n\t\t\t\t<div class=\"elementor-element elementor-element-44ce72b9 elementor-widget elementor-widget-text-editor\" data-id=\"44ce72b9\" data-element_type=\"widget\" data-e-type=\"widget\" data-widget_type=\"text-editor.default\">\n\t\t\t\t<div class=\"elementor-widget-container\">\n\t\t\t\t\t\t\t\t\t<p>Avrupa\u2019n\u0131n her k\u00f6\u015fesine ula\u015fan g\u00fc\u00e7l\u00fc lojistik altyap\u0131m\u0131z sayesinde, teslimatlar\u0131n\u0131z\u0131 hem zaman\u0131nda hem de eksiksiz ger\u00e7ekle\u015ftiriyoruz.<br \/>Bizimle \u00e7al\u0131\u015farak kalite, g\u00fcven ve profesyonelli\u011fi bir arada deneyimleyin.<\/p><p>M\u00fc\u015fteri memnuniyetini \u00f6nceli\u011fimiz olarak kabul ediyor ve her a\u015famada ihtiya\u00e7lar\u0131n\u0131za uygun \u00e7\u00f6z\u00fcmler sunuyoruz. \u00dcr\u00fcnlerimizin kalitesini en \u00fcst seviyede tutarken, esnek ve yenilik\u00e7i yakla\u015f\u0131m\u0131m\u0131zla sekt\u00f6rde fark yaratmay\u0131 hedefliyoruz.<\/p>\t\t\t\t\t\t\t\t<\/div>\n\t\t\t\t<\/div>\n\t\t\t\t<\/div>\n\t\t\t\t<\/div>\n\t\t\t\t<\/div>\n\t\t","protected":false},"excerpt":{"rendered":"<p>G\u00fcvenilir \u0130\u015f Orta\u011f\u0131n\u0131z G\u00fcvenilir \u0130\u015f Orta\u011f\u0131n\u0131z A.B.A.F sp.z o.o. olarak,Polonya merkezli fabrikam\u0131zda ,y\u00fcksek kalite standartlar\u0131nda kuru kesim a\u00e7\u0131lm\u0131\u015f tavuk but \u00fcretimi ger\u00e7ekle\u015ftiriyoruz.Avrupa\u2019n\u0131n bir \u00e7ok noktas\u0131na ger\u00e7ekle\u015ftirdi\u011fimiz h\u0131zl\u0131 ve g\u00fcvenilir sevkiyatlarla,m\u00fc\u015fterilerimize taze ve sa\u011fl\u0131kl\u0131 \u00fcr\u00fcnler sunmay\u0131 taahh\u00fct ediyoruz \u00dcretim s\u00fcre\u00e7lerimizde helal kesim esaslar\u0131na tam uyum sa\u011flayarak,m\u00fc\u015fterilerimizin dini hassasiyetlerini \u00f6n planda tutuyoruz.Kulland\u0131\u011f\u0131m\u0131z ileri teknoloji ve deneyimli ekibimiz [&hellip;]<\/p>\n","protected":false},"author":1,"featured_media":0,"parent":0,"menu_order":0,"comment_status":"closed","ping_status":"closed","template":"","meta":{"footnotes":""},"class_list":["post-59","page","type-page","status-publish","hentry"],"yoast_head":"<!-- This site is optimized with the Yoast SEO plugin v27.4 - https:\/\/yoast.com\/product\/yoast-seo-wordpress\/ -->\n<title>ABAF | Y\u00fcksek Kaliteli Tavuk Butlar\u0131 Tedarik<\/title>\n<meta name=\"description\" content=\"A.B.A.F, a\u00e7\u0131lm\u0131\u015f tavuk butlar\u0131n\u0131 tedarik eden g\u00fcvenilir firmad\u0131r. \u00dcr\u00fcnlerimiz katk\u0131 maddesi ve koruyucu i\u00e7ermez. Avrupa&#039;da geni\u015f da\u011f\u0131t\u0131m a\u011f\u0131 ve g\u00fc\u00e7l\u00fc lojistik hizmetine sahibiz.\" \/>\n<meta name=\"robots\" content=\"index, follow, max-snippet:-1, max-image-preview:large, max-video-preview:-1\" \/>\n<link rel=\"canonical\" href=\"https:\/\/abaf-pl.com\/tr\/hakkimizda-acilmis-tavuk-but\/\" \/>\n<meta property=\"og:locale\" content=\"tr_TR\" \/>\n<meta property=\"og:type\" content=\"article\" \/>\n<meta property=\"og:title\" content=\"ABAF | Y\u00fcksek Kaliteli Tavuk Butlar\u0131 Tedarik\" \/>\n<meta property=\"og:description\" content=\"A.B.A.F, a\u00e7\u0131lm\u0131\u015f tavuk butlar\u0131n\u0131 tedarik eden g\u00fcvenilir firmad\u0131r. \u00dcr\u00fcnlerimiz katk\u0131 maddesi ve koruyucu i\u00e7ermez. Avrupa&#039;da geni\u015f da\u011f\u0131t\u0131m a\u011f\u0131 ve g\u00fc\u00e7l\u00fc lojistik hizmetine sahibiz.\" \/>\n<meta property=\"og:url\" content=\"https:\/\/abaf-pl.com\/tr\/hakkimizda-acilmis-tavuk-but\/\" \/>\n<meta property=\"og:site_name\" content=\"abaf-pl.com\" \/>\n<meta property=\"article:publisher\" content=\"https:\/\/www.facebook.com\/share\/aNgaj6i7JxRY1Uqd\/\" \/>\n<meta property=\"article:modified_time\" content=\"2025-01-17T11:39:43+00:00\" \/>\n<meta property=\"og:image\" content=\"https:\/\/abaf-pl.com\/wp-content\/uploads\/2025\/01\/seffaf-koli.webp\" \/>\n\t<meta property=\"og:image:width\" content=\"500\" \/>\n\t<meta property=\"og:image:height\" content=\"500\" \/>\n\t<meta property=\"og:image:type\" content=\"image\/webp\" \/>\n<meta name=\"twitter:card\" content=\"summary_large_image\" \/>\n<meta name=\"twitter:label1\" content=\"Tahmini okuma s\u00fcresi\" \/>\n\t<meta name=\"twitter:data1\" content=\"1 dakika\" \/>\n<script type=\"application\/ld+json\" class=\"yoast-schema-graph\">{\"@context\":\"https:\\\/\\\/schema.org\",\"@graph\":[{\"@type\":\"WebPage\",\"@id\":\"https:\\\/\\\/abaf-pl.com\\\/tr\\\/hakkimizda-acilmis-tavuk-but\\\/\",\"url\":\"https:\\\/\\\/abaf-pl.com\\\/tr\\\/hakkimizda-acilmis-tavuk-but\\\/\",\"name\":\"ABAF | Y\u00fcksek Kaliteli Tavuk Butlar\u0131 Tedarik\",\"isPartOf\":{\"@id\":\"https:\\\/\\\/abaf-pl.com\\\/tr\\\/#website\"},\"datePublished\":\"2025-01-01T16:12:50+00:00\",\"dateModified\":\"2025-01-17T11:39:43+00:00\",\"description\":\"A.B.A.F, a\u00e7\u0131lm\u0131\u015f tavuk butlar\u0131n\u0131 tedarik eden g\u00fcvenilir firmad\u0131r. \u00dcr\u00fcnlerimiz katk\u0131 maddesi ve koruyucu i\u00e7ermez. Avrupa'da geni\u015f da\u011f\u0131t\u0131m a\u011f\u0131 ve g\u00fc\u00e7l\u00fc lojistik hizmetine sahibiz.\",\"inLanguage\":\"tr\",\"potentialAction\":[{\"@type\":\"ReadAction\",\"target\":[\"https:\\\/\\\/abaf-pl.com\\\/tr\\\/hakkimizda-acilmis-tavuk-but\\\/\"]}]},{\"@type\":\"WebSite\",\"@id\":\"https:\\\/\\\/abaf-pl.com\\\/tr\\\/#website\",\"url\":\"https:\\\/\\\/abaf-pl.com\\\/tr\\\/\",\"name\":\"abaf-pl.com\",\"description\":\"Kuru Kesim A\u00e7\u0131lm\u0131\u015f Tavuk But\",\"publisher\":{\"@id\":\"https:\\\/\\\/abaf-pl.com\\\/tr\\\/#organization\"},\"alternateName\":\"A.B.A.F\",\"potentialAction\":[{\"@type\":\"SearchAction\",\"target\":{\"@type\":\"EntryPoint\",\"urlTemplate\":\"https:\\\/\\\/abaf-pl.com\\\/tr\\\/?s={search_term_string}\"},\"query-input\":{\"@type\":\"PropertyValueSpecification\",\"valueRequired\":true,\"valueName\":\"search_term_string\"}}],\"inLanguage\":\"tr\"},{\"@type\":\"Organization\",\"@id\":\"https:\\\/\\\/abaf-pl.com\\\/tr\\\/#organization\",\"name\":\"A.B.A.F Sp.z.o.o\",\"alternateName\":\"ABAF\",\"url\":\"https:\\\/\\\/abaf-pl.com\\\/tr\\\/\",\"logo\":{\"@type\":\"ImageObject\",\"inLanguage\":\"tr\",\"@id\":\"https:\\\/\\\/abaf-pl.com\\\/tr\\\/#\\\/schema\\\/logo\\\/image\\\/\",\"url\":\"https:\\\/\\\/abaf-pl.com\\\/wp-content\\\/uploads\\\/2025\\\/01\\\/favicon2.png\",\"contentUrl\":\"https:\\\/\\\/abaf-pl.com\\\/wp-content\\\/uploads\\\/2025\\\/01\\\/favicon2.png\",\"width\":512,\"height\":512,\"caption\":\"A.B.A.F Sp.z.o.o\"},\"image\":{\"@id\":\"https:\\\/\\\/abaf-pl.com\\\/tr\\\/#\\\/schema\\\/logo\\\/image\\\/\"},\"sameAs\":[\"https:\\\/\\\/www.facebook.com\\\/share\\\/aNgaj6i7JxRY1Uqd\\\/\",\"https:\\\/\\\/www.instagram.com\\\/a.b.a.f_sp._z_o.o\"]}]}<\/script>\n<!-- \/ Yoast SEO plugin. -->","yoast_head_json":{"title":"ABAF | Y\u00fcksek Kaliteli Tavuk Butlar\u0131 Tedarik","description":"A.B.A.F, a\u00e7\u0131lm\u0131\u015f tavuk butlar\u0131n\u0131 tedarik eden g\u00fcvenilir firmad\u0131r. \u00dcr\u00fcnlerimiz katk\u0131 maddesi ve koruyucu i\u00e7ermez. Avrupa'da geni\u015f da\u011f\u0131t\u0131m a\u011f\u0131 ve g\u00fc\u00e7l\u00fc lojistik hizmetine sahibiz.","robots":{"index":"index","follow":"follow","max-snippet":"max-snippet:-1","max-image-preview":"max-image-preview:large","max-video-preview":"max-video-preview:-1"},"canonical":"https:\/\/abaf-pl.com\/tr\/hakkimizda-acilmis-tavuk-but\/","og_locale":"tr_TR","og_type":"article","og_title":"ABAF | Y\u00fcksek Kaliteli Tavuk Butlar\u0131 Tedarik","og_description":"A.B.A.F, a\u00e7\u0131lm\u0131\u015f tavuk butlar\u0131n\u0131 tedarik eden g\u00fcvenilir firmad\u0131r. \u00dcr\u00fcnlerimiz katk\u0131 maddesi ve koruyucu i\u00e7ermez. Avrupa'da geni\u015f da\u011f\u0131t\u0131m a\u011f\u0131 ve g\u00fc\u00e7l\u00fc lojistik hizmetine sahibiz.","og_url":"https:\/\/abaf-pl.com\/tr\/hakkimizda-acilmis-tavuk-but\/","og_site_name":"abaf-pl.com","article_publisher":"https:\/\/www.facebook.com\/share\/aNgaj6i7JxRY1Uqd\/","article_modified_time":"2025-01-17T11:39:43+00:00","og_image":[{"width":500,"height":500,"url":"https:\/\/abaf-pl.com\/wp-content\/uploads\/2025\/01\/seffaf-koli.webp","type":"image\/webp"}],"twitter_card":"summary_large_image","twitter_misc":{"Tahmini okuma s\u00fcresi":"1 dakika"},"schema":{"@context":"https:\/\/schema.org","@graph":[{"@type":"WebPage","@id":"https:\/\/abaf-pl.com\/tr\/hakkimizda-acilmis-tavuk-but\/","url":"https:\/\/abaf-pl.com\/tr\/hakkimizda-acilmis-tavuk-but\/","name":"ABAF | Y\u00fcksek Kaliteli Tavuk Butlar\u0131 Tedarik","isPartOf":{"@id":"https:\/\/abaf-pl.com\/tr\/#website"},"datePublished":"2025-01-01T16:12:50+00:00","dateModified":"2025-01-17T11:39:43+00:00","description":"A.B.A.F, a\u00e7\u0131lm\u0131\u015f tavuk butlar\u0131n\u0131 tedarik eden g\u00fcvenilir firmad\u0131r. \u00dcr\u00fcnlerimiz katk\u0131 maddesi ve koruyucu i\u00e7ermez. Avrupa'da geni\u015f da\u011f\u0131t\u0131m a\u011f\u0131 ve g\u00fc\u00e7l\u00fc lojistik hizmetine sahibiz.","inLanguage":"tr","potentialAction":[{"@type":"ReadAction","target":["https:\/\/abaf-pl.com\/tr\/hakkimizda-acilmis-tavuk-but\/"]}]},{"@type":"WebSite","@id":"https:\/\/abaf-pl.com\/tr\/#website","url":"https:\/\/abaf-pl.com\/tr\/","name":"abaf-pl.com","description":"Kuru Kesim A\u00e7\u0131lm\u0131\u015f Tavuk But","publisher":{"@id":"https:\/\/abaf-pl.com\/tr\/#organization"},"alternateName":"A.B.A.F","potentialAction":[{"@type":"SearchAction","target":{"@type":"EntryPoint","urlTemplate":"https:\/\/abaf-pl.com\/tr\/?s={search_term_string}"},"query-input":{"@type":"PropertyValueSpecification","valueRequired":true,"valueName":"search_term_string"}}],"inLanguage":"tr"},{"@type":"Organization","@id":"https:\/\/abaf-pl.com\/tr\/#organization","name":"A.B.A.F Sp.z.o.o","alternateName":"ABAF","url":"https:\/\/abaf-pl.com\/tr\/","logo":{"@type":"ImageObject","inLanguage":"tr","@id":"https:\/\/abaf-pl.com\/tr\/#\/schema\/logo\/image\/","url":"https:\/\/abaf-pl.com\/wp-content\/uploads\/2025\/01\/favicon2.png","contentUrl":"https:\/\/abaf-pl.com\/wp-content\/uploads\/2025\/01\/favicon2.png","width":512,"height":512,"caption":"A.B.A.F Sp.z.o.o"},"image":{"@id":"https:\/\/abaf-pl.com\/tr\/#\/schema\/logo\/image\/"},"sameAs":["https:\/\/www.facebook.com\/share\/aNgaj6i7JxRY1Uqd\/","https:\/\/www.instagram.com\/a.b.a.f_sp._z_o.o"]}]}},"_links":{"self":[{"href":"https:\/\/abaf-pl.com\/tr\/wp-json\/wp\/v2\/pages\/59","targetHints":{"allow":["GET"]}}],"collection":[{"href":"https:\/\/abaf-pl.com\/tr\/wp-json\/wp\/v2\/pages"}],"about":[{"href":"https:\/\/abaf-pl.com\/tr\/wp-json\/wp\/v2\/types\/page"}],"author":[{"embeddable":true,"href":"https:\/\/abaf-pl.com\/tr\/wp-json\/wp\/v2\/users\/1"}],"replies":[{"embeddable":true,"href":"https:\/\/abaf-pl.com\/tr\/wp-json\/wp\/v2\/comments?post=59"}],"version-history":[{"count":42,"href":"https:\/\/abaf-pl.com\/tr\/wp-json\/wp\/v2\/pages\/59\/revisions"}],"predecessor-version":[{"id":1160,"href":"https:\/\/abaf-pl.com\/tr\/wp-json\/wp\/v2\/pages\/59\/revisions\/1160"}],"wp:attachment":[{"href":"https:\/\/abaf-pl.com\/tr\/wp-json\/wp\/v2\/media?parent=59"}],"curies":[{"name":"wp","href":"https:\/\/api.w.org\/{rel}","templated":true}]}}