{"id":33,"date":"2025-01-01T16:12:46","date_gmt":"2025-01-01T16:12:46","guid":{"rendered":"https:\/\/abaf-pl.com\/contact-us\/"},"modified":"2025-06-22T09:53:20","modified_gmt":"2025-06-22T09:53:20","slug":"contact-us","status":"publish","type":"page","link":"https:\/\/abaf-pl.com\/tr\/contact-us\/","title":{"rendered":"Contact Us"},"content":{"rendered":"\t\t<div data-elementor-type=\"wp-page\" data-elementor-id=\"33\" class=\"elementor elementor-33\">\n\t\t\t\t<div class=\"has_eae_slider elementor-element elementor-element-87ac908 e-flex e-con-boxed e-con e-parent\" data-eae-slider=\"79310\" data-id=\"87ac908\" data-element_type=\"container\" data-e-type=\"container\" data-settings=\"{&quot;background_background&quot;:&quot;classic&quot;}\">\n\t\t\t\t\t<div class=\"e-con-inner\">\n\t\t\t\t<div class=\"elementor-element elementor-element-eaa70af elementor-widget elementor-widget-heading\" data-id=\"eaa70af\" data-element_type=\"widget\" data-e-type=\"widget\" data-widget_type=\"heading.default\">\n\t\t\t\t<div class=\"elementor-widget-container\">\n\t\t\t\t\t<h2 class=\"elementor-heading-title elementor-size-default\">B\u0130Z\u0130MLE \u0130LET\u0130\u015e\u0130ME GE\u00c7\u0130N<\/h2>\t\t\t\t<\/div>\n\t\t\t\t<\/div>\n\t\t\t\t\t<\/div>\n\t\t\t\t<\/div>\n\t\t<div class=\"has_eae_slider elementor-element elementor-element-609f1acf e-con-full e-flex e-con e-parent\" data-eae-slider=\"99255\" data-id=\"609f1acf\" data-element_type=\"container\" data-e-type=\"container\">\n\t\t<div class=\"has_eae_slider elementor-element elementor-element-399b1a02 e-con-full e-flex e-con e-child\" data-eae-slider=\"88698\" data-id=\"399b1a02\" data-element_type=\"container\" data-e-type=\"container\" data-settings=\"{&quot;background_background&quot;:&quot;classic&quot;}\">\n\t\t\t\t<div class=\"elementor-element elementor-element-4fc9591 elementor-widget elementor-widget-google_maps\" data-id=\"4fc9591\" data-element_type=\"widget\" data-e-type=\"widget\" data-widget_type=\"google_maps.default\">\n\t\t\t\t<div class=\"elementor-widget-container\">\n\t\t\t\t\t\t\t<div class=\"elementor-custom-embed\">\n\t\t\t<iframe loading=\"lazy\"\n\t\t\t\t\tsrc=\"https:\/\/maps.google.com\/maps?q=Polna%201%20%2F%2066-300%20Mi%C4%99dzyrzecz%2C&#038;t=m&#038;z=15&#038;output=embed&#038;iwloc=near\"\n\t\t\t\t\ttitle=\"Polna 1 \/ 66-300 Mi\u0119dzyrzecz,\"\n\t\t\t\t\taria-label=\"Polna 1 \/ 66-300 Mi\u0119dzyrzecz,\"\n\t\t\t><\/iframe>\n\t\t<\/div>\n\t\t\t\t\t\t<\/div>\n\t\t\t\t<\/div>\n\t\t\t\t<\/div>\n\t\t\t\t<\/div>\n\t\t<div class=\"has_eae_slider elementor-element elementor-element-4916fa4 e-con-full e-flex e-con e-parent\" data-eae-slider=\"83158\" data-id=\"4916fa4\" data-element_type=\"container\" data-e-type=\"container\">\n\t\t<div class=\"has_eae_slider elementor-element elementor-element-ed64137 e-con-full e-flex e-con e-child\" data-eae-slider=\"79093\" data-id=\"ed64137\" data-element_type=\"container\" data-e-type=\"container\">\n\t\t\t\t<div class=\"elementor-element elementor-element-423c9ec elementor-view-default elementor-position-block-start elementor-mobile-position-block-start elementor-widget elementor-widget-icon-box\" data-id=\"423c9ec\" data-element_type=\"widget\" data-e-type=\"widget\" data-widget_type=\"icon-box.default\">\n\t\t\t\t<div class=\"elementor-widget-container\">\n\t\t\t\t\t\t\t<div class=\"elementor-icon-box-wrapper\">\n\n\t\t\t\t\t\t<div class=\"elementor-icon-box-icon\">\n\t\t\t\t<span  class=\"elementor-icon\">\n\t\t\t\t<svg aria-hidden=\"true\" class=\"e-font-icon-svg e-fas-map-marker-alt\" viewBox=\"0 0 384 512\" xmlns=\"http:\/\/www.w3.org\/2000\/svg\"><path d=\"M172.268 501.67C26.97 291.031 0 269.413 0 192 0 85.961 85.961 0 192 0s192 85.961 192 192c0 77.413-26.97 99.031-172.268 309.67-9.535 13.774-29.93 13.773-39.464 0zM192 272c44.183 0 80-35.817 80-80s-35.817-80-80-80-80 35.817-80 80 35.817 80 80 80z\"><\/path><\/svg>\t\t\t\t<\/span>\n\t\t\t<\/div>\n\t\t\t\n\t\t\t\t\t\t<div class=\"elementor-icon-box-content\">\n\n\t\t\t\t\t\t\t\t\t<h3 class=\"elementor-icon-box-title\">\n\t\t\t\t\t\t<span  >\n\t\t\t\t\t\t\tAddress\t\t\t\t\t\t<\/span>\n\t\t\t\t\t<\/h3>\n\t\t\t\t\n\t\t\t\t\t\t\t\t\t<p class=\"elementor-icon-box-description\">\n\t\t\t\t\t\tPolna 1 ,66-300 Mi\u0119dzyrzecz ,polski\t\t\t\t\t<\/p>\n\t\t\t\t\n\t\t\t<\/div>\n\t\t\t\n\t\t<\/div>\n\t\t\t\t\t\t<\/div>\n\t\t\t\t<\/div>\n\t\t\t\t<\/div>\n\t\t<div class=\"has_eae_slider elementor-element elementor-element-50f6aeb e-con-full e-flex e-con e-child\" data-eae-slider=\"91007\" data-id=\"50f6aeb\" data-element_type=\"container\" data-e-type=\"container\">\n\t\t\t\t<div class=\"elementor-element elementor-element-35a3668 elementor-view-default elementor-position-block-start elementor-mobile-position-block-start elementor-widget elementor-widget-icon-box\" data-id=\"35a3668\" data-element_type=\"widget\" data-e-type=\"widget\" data-widget_type=\"icon-box.default\">\n\t\t\t\t<div class=\"elementor-widget-container\">\n\t\t\t\t\t\t\t<div class=\"elementor-icon-box-wrapper\">\n\n\t\t\t\t\t\t<div class=\"elementor-icon-box-icon\">\n\t\t\t\t<a href=\"mailto:info@abaf.com\" target=\"_blank\" class=\"elementor-icon\" tabindex=\"-1\" aria-label=\"Mail\">\n\t\t\t\t<svg aria-hidden=\"true\" class=\"e-font-icon-svg e-far-envelope\" viewBox=\"0 0 512 512\" xmlns=\"http:\/\/www.w3.org\/2000\/svg\"><path d=\"M464 64H48C21.49 64 0 85.49 0 112v288c0 26.51 21.49 48 48 48h416c26.51 0 48-21.49 48-48V112c0-26.51-21.49-48-48-48zm0 48v40.805c-22.422 18.259-58.168 46.651-134.587 106.49-16.841 13.247-50.201 45.072-73.413 44.701-23.208.375-56.579-31.459-73.413-44.701C106.18 199.465 70.425 171.067 48 152.805V112h416zM48 400V214.398c22.914 18.251 55.409 43.862 104.938 82.646 21.857 17.205 60.134 55.186 103.062 54.955 42.717.231 80.509-37.199 103.053-54.947 49.528-38.783 82.032-64.401 104.947-82.653V400H48z\"><\/path><\/svg>\t\t\t\t<\/a>\n\t\t\t<\/div>\n\t\t\t\n\t\t\t\t\t\t<div class=\"elementor-icon-box-content\">\n\n\t\t\t\t\t\t\t\t\t<h3 class=\"elementor-icon-box-title\">\n\t\t\t\t\t\t<a href=\"mailto:info@abaf.com\" target=\"_blank\" >\n\t\t\t\t\t\t\tMail\t\t\t\t\t\t<\/a>\n\t\t\t\t\t<\/h3>\n\t\t\t\t\n\t\t\t\t\t\t\t\t\t<p class=\"elementor-icon-box-description\">\n\t\t\t\t\t\tinfo@abaf-pl.com\t\t\t\t\t<\/p>\n\t\t\t\t\n\t\t\t<\/div>\n\t\t\t\n\t\t<\/div>\n\t\t\t\t\t\t<\/div>\n\t\t\t\t<\/div>\n\t\t\t\t<\/div>\n\t\t<div class=\"has_eae_slider elementor-element elementor-element-ea42f24 e-con-full e-flex e-con e-child\" data-eae-slider=\"81753\" data-id=\"ea42f24\" data-element_type=\"container\" data-e-type=\"container\">\n\t\t\t\t<div class=\"elementor-element elementor-element-d43e960 elementor-view-default elementor-position-block-start elementor-mobile-position-block-start elementor-widget elementor-widget-icon-box\" data-id=\"d43e960\" data-element_type=\"widget\" data-e-type=\"widget\" data-widget_type=\"icon-box.default\">\n\t\t\t\t<div class=\"elementor-widget-container\">\n\t\t\t\t\t\t\t<div class=\"elementor-icon-box-wrapper\">\n\n\t\t\t\t\t\t<div class=\"elementor-icon-box-icon\">\n\t\t\t\t<a href=\"tel:+48%20%20734%20141%20469\" class=\"elementor-icon\" tabindex=\"-1\" aria-label=\"Telephone\">\n\t\t\t\t<svg aria-hidden=\"true\" class=\"e-font-icon-svg e-fas-phone\" viewBox=\"0 0 512 512\" xmlns=\"http:\/\/www.w3.org\/2000\/svg\"><path d=\"M493.4 24.6l-104-24c-11.3-2.6-22.9 3.3-27.5 13.9l-48 112c-4.2 9.8-1.4 21.3 6.9 28l60.6 49.6c-36 76.7-98.9 140.5-177.2 177.2l-49.6-60.6c-6.8-8.3-18.2-11.1-28-6.9l-112 48C3.9 366.5-2 378.1.6 389.4l24 104C27.1 504.2 36.7 512 48 512c256.1 0 464-207.5 464-464 0-11.2-7.7-20.9-18.6-23.4z\"><\/path><\/svg>\t\t\t\t<\/a>\n\t\t\t<\/div>\n\t\t\t\n\t\t\t\t\t\t<div class=\"elementor-icon-box-content\">\n\n\t\t\t\t\t\t\t\t\t<h3 class=\"elementor-icon-box-title\">\n\t\t\t\t\t\t<a href=\"tel:+48%20%20734%20141%20469\" >\n\t\t\t\t\t\t\tTelephone\t\t\t\t\t\t<\/a>\n\t\t\t\t\t<\/h3>\n\t\t\t\t\n\t\t\t\t\t\t\t\t\t<p class=\"elementor-icon-box-description\">\n\t\t\t\t\t\t+48 734 141 469\t\t\t\t\t<\/p>\n\t\t\t\t\n\t\t\t<\/div>\n\t\t\t\n\t\t<\/div>\n\t\t\t\t\t\t<\/div>\n\t\t\t\t<\/div>\n\t\t\t\t<\/div>\n\t\t\t\t<\/div>\n\t\t<div class=\"has_eae_slider elementor-element elementor-element-5464aad e-flex e-con-boxed e-con e-parent\" data-eae-slider=\"30663\" data-id=\"5464aad\" data-element_type=\"container\" data-e-type=\"container\">\n\t\t\t\t\t<div class=\"e-con-inner\">\n\t\t\t\t<div class=\"elementor-element elementor-element-f165be0 elementor-widget-divider--view-line elementor-widget elementor-widget-divider\" data-id=\"f165be0\" data-element_type=\"widget\" data-e-type=\"widget\" data-widget_type=\"divider.default\">\n\t\t\t\t<div class=\"elementor-widget-container\">\n\t\t\t\t\t\t\t<div class=\"elementor-divider\">\n\t\t\t<span class=\"elementor-divider-separator\">\n\t\t\t\t\t\t<\/span>\n\t\t<\/div>\n\t\t\t\t\t\t<\/div>\n\t\t\t\t<\/div>\n\t\t\t\t<div class=\"elementor-element elementor-element-9f41982 elementor-widget elementor-widget-heading\" data-id=\"9f41982\" data-element_type=\"widget\" data-e-type=\"widget\" data-widget_type=\"heading.default\">\n\t\t\t\t<div class=\"elementor-widget-container\">\n\t\t\t\t\t<h2 class=\"elementor-heading-title elementor-size-default\">A\u015eA\u011eIDAK\u0130 FORMU DOLDURARAK B\u0130ZE ULA\u015eAB\u0130L\u0130RS\u0130N\u0130Z.<\/h2>\t\t\t\t<\/div>\n\t\t\t\t<\/div>\n\t\t\t\t<div class=\"elementor-element elementor-element-0e3abe1 elementor-widget elementor-widget-sina_contact_form\" data-id=\"0e3abe1\" data-element_type=\"widget\" data-e-type=\"widget\" data-widget_type=\"sina_contact_form.default\">\n\t\t\t\t<div class=\"elementor-widget-container\">\n\t\t\t\t\t\t\t<div class=\"sina-form\">\r\n\t\t\t<form class=\"sina-contact-form\"\r\n\t\t\tdata-uid=\"0e3abe1\"\r\n\t\t\tdata-from=\"\"\r\n\t\t\tdata-inbox=\"1961fc7b4ccb5218206432ae9ac6d884\"\r\n\t\t\tdata-captcha=\"\">\r\n\t\t\t\t\t\t\t\t\t<div class=\"sina-contact-input\">\r\n\t<div class=\"sina-contact-input-half\">\r\n\t\t<input class=\"sina-input-field sina-input-block sina-input-name\" type=\"text\" placeholder=\"Enter Your Name *\" >\r\n\t\t<input class=\"sina-input-field sina-input-block sina-input-email\" type=\"email\" placeholder=\"Enter Your Email *\" >\r\n\t\t<input class=\"sina-input-field sina-input-block sina-input-subject\" type=\"text\" placeholder=\"Enter Your Subject *\" >\r\n\t<\/div>\r\n\t<div class=\"sina-contact-input-half\">\r\n\t\t<textarea class=\"sina-input-field sina-input-block sina-input-message\" placeholder=\"Enter Your Message *\"><\/textarea>\r\n\t<\/div>\r\n<\/div>\r\n<div class=\"sina-contact-input\">\r\n\t<!-- For Google Recaptcha -->\r\n\t\r\n\t<button type=\"submit\" class=\"sina-button sina-contact-btn  \">\r\n\t\t\t\tSend\t\t\t<\/button>\r\n<\/div>\t\t\t\t\r\n\t\t\t\t<p class=\"sina-success-text\">Thanks for sending Email!<\/p>\t\t\t\t<p class=\"sina-error-text\"><\/p>\r\n\t\t\t\t<p class=\"sina-process-text\">Processing...<\/p>\r\n\r\n\t\t\t\t<input type=\"hidden\" id=\"sina_contact_nonce0e3abe1\" name=\"sina_contact_nonce0e3abe1\" value=\"44dcc3e00e\" \/><input type=\"hidden\" name=\"_wp_http_referer\" value=\"\/tr\/wp-json\/wp\/v2\/pages\/33\" \/>\t\t\t<\/form><!-- .sina-contact-form -->\r\n\t\t<\/div><!-- .sina-form -->\r\n\t\t\t\t\t\t<\/div>\n\t\t\t\t<\/div>\n\t\t\t\t<div class=\"elementor-element elementor-element-d920bdc elementor-widget-divider--view-line elementor-widget elementor-widget-divider\" data-id=\"d920bdc\" data-element_type=\"widget\" data-e-type=\"widget\" data-widget_type=\"divider.default\">\n\t\t\t\t<div class=\"elementor-widget-container\">\n\t\t\t\t\t\t\t<div class=\"elementor-divider\">\n\t\t\t<span class=\"elementor-divider-separator\">\n\t\t\t\t\t\t<\/span>\n\t\t<\/div>\n\t\t\t\t\t\t<\/div>\n\t\t\t\t<\/div>\n\t\t\t\t\t<\/div>\n\t\t\t\t<\/div>\n\t\t<div class=\"has_eae_slider elementor-element elementor-element-d55607d e-flex e-con-boxed e-con e-parent\" data-eae-slider=\"33172\" data-id=\"d55607d\" data-element_type=\"container\" data-e-type=\"container\">\n\t\t\t\t\t<div class=\"e-con-inner\">\n\t\t\t\t<div class=\"elementor-element elementor-element-dd76aeb elementor-widget elementor-widget-text-editor\" data-id=\"dd76aeb\" data-element_type=\"widget\" data-e-type=\"widget\" data-widget_type=\"text-editor.default\">\n\t\t\t\t<div class=\"elementor-widget-container\">\n\t\t\t\t\t\t\t\t\t<p>\u00a0 Ki\u015fisel bilgilerinizin g\u00fcvenli\u011fi bizim i\u00e7in \u00e7ok \u00f6nemlidir. Formu g\u00f6ndererek, bilgilerinizi yaln\u0131zca belirtilen ama\u00e7larla kullanaca\u011f\u0131m\u0131z\u0131 ve gizlilik politikam\u0131za uygun olarak i\u015fledi\u011fimizi kabul etmi\u015f oluyorsunuz. Daha fazla bilgi i\u00e7in gizlilik politikam\u0131z\u0131 [<a href=\"https:\/\/abaf-pl.com\/gizlilik-politikasi\/\">buradan<\/a>] inceleyebilirsiniz.<\/p>\t\t\t\t\t\t\t\t<\/div>\n\t\t\t\t<\/div>\n\t\t\t\t\t<\/div>\n\t\t\t\t<\/div>\n\t\t\t\t<\/div>\n\t\t","protected":false},"excerpt":{"rendered":"<p>B\u0130Z\u0130MLE \u0130LET\u0130\u015e\u0130ME GE\u00c7\u0130N Address Polna 1 ,66-300 Mi\u0119dzyrzecz ,polski Mail info@abaf-pl.com Telephone +48 734 141 469 A\u015eA\u011eIDAK\u0130 FORMU DOLDURARAK B\u0130ZE ULA\u015eAB\u0130L\u0130RS\u0130N\u0130Z. Send Thanks for sending Email! Processing&#8230; \u00a0 Ki\u015fisel bilgilerinizin g\u00fcvenli\u011fi bizim i\u00e7in \u00e7ok \u00f6nemlidir. Formu g\u00f6ndererek, bilgilerinizi yaln\u0131zca belirtilen ama\u00e7larla kullanaca\u011f\u0131m\u0131z\u0131 ve gizlilik politikam\u0131za uygun olarak i\u015fledi\u011fimizi kabul etmi\u015f oluyorsunuz. Daha fazla bilgi i\u00e7in [&hellip;]<\/p>\n","protected":false},"author":1,"featured_media":0,"parent":0,"menu_order":0,"comment_status":"closed","ping_status":"closed","template":"elementor_header_footer","meta":{"footnotes":""},"class_list":["post-33","page","type-page","status-publish","hentry"],"yoast_head":"<!-- This site is optimized with the Yoast SEO plugin v27.4 - https:\/\/yoast.com\/product\/yoast-seo-wordpress\/ -->\n<title>ileti\u015fim - abaf-pl.com A.B.A.F<\/title>\n<meta name=\"description\" content=\"ABAF - \u0130leti\u015fim - Polonya&#039;daki fabrikam\u0131z\u0131n konum haritas\u0131 ve di\u011fer ileti\u015fim detaylar\u0131 i\u00e7in hemen sayfam\u0131z\u0131 ziyaret edin.\" \/>\n<meta name=\"robots\" content=\"index, follow, max-snippet:-1, max-image-preview:large, max-video-preview:-1\" \/>\n<link rel=\"canonical\" href=\"https:\/\/abaf-pl.com\/tr\/contact-us\/\" \/>\n<meta property=\"og:locale\" content=\"tr_TR\" \/>\n<meta property=\"og:type\" content=\"article\" \/>\n<meta property=\"og:title\" content=\"ileti\u015fim - abaf-pl.com A.B.A.F\" \/>\n<meta property=\"og:description\" content=\"ABAF - \u0130leti\u015fim - Polonya&#039;daki fabrikam\u0131z\u0131n konum haritas\u0131 ve di\u011fer ileti\u015fim detaylar\u0131 i\u00e7in hemen sayfam\u0131z\u0131 ziyaret edin.\" \/>\n<meta property=\"og:url\" content=\"https:\/\/abaf-pl.com\/tr\/contact-us\/\" \/>\n<meta property=\"og:site_name\" content=\"abaf-pl.com\" \/>\n<meta property=\"article:publisher\" content=\"https:\/\/www.facebook.com\/share\/aNgaj6i7JxRY1Uqd\/\" \/>\n<meta property=\"article:modified_time\" content=\"2025-06-22T09:53:20+00:00\" \/>\n<meta property=\"og:image\" content=\"https:\/\/abaf-pl.com\/wp-content\/uploads\/2025\/01\/seffaf-koli.webp\" \/>\n\t<meta property=\"og:image:width\" content=\"500\" \/>\n\t<meta property=\"og:image:height\" content=\"500\" \/>\n\t<meta property=\"og:image:type\" content=\"image\/webp\" \/>\n<meta name=\"twitter:card\" content=\"summary_large_image\" \/>\n<meta name=\"twitter:label1\" content=\"Tahmini okuma s\u00fcresi\" \/>\n\t<meta name=\"twitter:data1\" content=\"1 dakika\" \/>\n<script type=\"application\/ld+json\" class=\"yoast-schema-graph\">{\"@context\":\"https:\\\/\\\/schema.org\",\"@graph\":[{\"@type\":\"WebPage\",\"@id\":\"https:\\\/\\\/abaf-pl.com\\\/tr\\\/contact-us\\\/\",\"url\":\"https:\\\/\\\/abaf-pl.com\\\/tr\\\/contact-us\\\/\",\"name\":\"ileti\u015fim - abaf-pl.com A.B.A.F\",\"isPartOf\":{\"@id\":\"https:\\\/\\\/abaf-pl.com\\\/tr\\\/#website\"},\"datePublished\":\"2025-01-01T16:12:46+00:00\",\"dateModified\":\"2025-06-22T09:53:20+00:00\",\"description\":\"ABAF - \u0130leti\u015fim - Polonya'daki fabrikam\u0131z\u0131n konum haritas\u0131 ve di\u011fer ileti\u015fim detaylar\u0131 i\u00e7in hemen sayfam\u0131z\u0131 ziyaret edin.\",\"breadcrumb\":{\"@id\":\"https:\\\/\\\/abaf-pl.com\\\/tr\\\/contact-us\\\/#breadcrumb\"},\"inLanguage\":\"tr\",\"potentialAction\":[{\"@type\":\"ReadAction\",\"target\":[\"https:\\\/\\\/abaf-pl.com\\\/tr\\\/contact-us\\\/\"]}]},{\"@type\":\"BreadcrumbList\",\"@id\":\"https:\\\/\\\/abaf-pl.com\\\/tr\\\/contact-us\\\/#breadcrumb\",\"itemListElement\":[{\"@type\":\"ListItem\",\"position\":1,\"name\":\"ABAF Sp zoo\",\"item\":\"https:\\\/\\\/abaf-pl.com\\\/tr\\\/\"},{\"@type\":\"ListItem\",\"position\":2,\"name\":\"Contact Us\"}]},{\"@type\":\"WebSite\",\"@id\":\"https:\\\/\\\/abaf-pl.com\\\/tr\\\/#website\",\"url\":\"https:\\\/\\\/abaf-pl.com\\\/tr\\\/\",\"name\":\"abaf-pl.com\",\"description\":\"Kuru Kesim A\u00e7\u0131lm\u0131\u015f Tavuk But\",\"publisher\":{\"@id\":\"https:\\\/\\\/abaf-pl.com\\\/tr\\\/#organization\"},\"alternateName\":\"A.B.A.F\",\"potentialAction\":[{\"@type\":\"SearchAction\",\"target\":{\"@type\":\"EntryPoint\",\"urlTemplate\":\"https:\\\/\\\/abaf-pl.com\\\/tr\\\/?s={search_term_string}\"},\"query-input\":{\"@type\":\"PropertyValueSpecification\",\"valueRequired\":true,\"valueName\":\"search_term_string\"}}],\"inLanguage\":\"tr\"},{\"@type\":\"Organization\",\"@id\":\"https:\\\/\\\/abaf-pl.com\\\/tr\\\/#organization\",\"name\":\"A.B.A.F Sp.z.o.o\",\"alternateName\":\"ABAF\",\"url\":\"https:\\\/\\\/abaf-pl.com\\\/tr\\\/\",\"logo\":{\"@type\":\"ImageObject\",\"inLanguage\":\"tr\",\"@id\":\"https:\\\/\\\/abaf-pl.com\\\/tr\\\/#\\\/schema\\\/logo\\\/image\\\/\",\"url\":\"https:\\\/\\\/abaf-pl.com\\\/wp-content\\\/uploads\\\/2025\\\/01\\\/favicon2.png\",\"contentUrl\":\"https:\\\/\\\/abaf-pl.com\\\/wp-content\\\/uploads\\\/2025\\\/01\\\/favicon2.png\",\"width\":512,\"height\":512,\"caption\":\"A.B.A.F Sp.z.o.o\"},\"image\":{\"@id\":\"https:\\\/\\\/abaf-pl.com\\\/tr\\\/#\\\/schema\\\/logo\\\/image\\\/\"},\"sameAs\":[\"https:\\\/\\\/www.facebook.com\\\/share\\\/aNgaj6i7JxRY1Uqd\\\/\",\"https:\\\/\\\/www.instagram.com\\\/a.b.a.f_sp._z_o.o\"]}]}<\/script>\n<!-- \/ Yoast SEO plugin. -->","yoast_head_json":{"title":"ileti\u015fim - abaf-pl.com A.B.A.F","description":"ABAF - \u0130leti\u015fim - Polonya'daki fabrikam\u0131z\u0131n konum haritas\u0131 ve di\u011fer ileti\u015fim detaylar\u0131 i\u00e7in hemen sayfam\u0131z\u0131 ziyaret edin.","robots":{"index":"index","follow":"follow","max-snippet":"max-snippet:-1","max-image-preview":"max-image-preview:large","max-video-preview":"max-video-preview:-1"},"canonical":"https:\/\/abaf-pl.com\/tr\/contact-us\/","og_locale":"tr_TR","og_type":"article","og_title":"ileti\u015fim - abaf-pl.com A.B.A.F","og_description":"ABAF - \u0130leti\u015fim - Polonya'daki fabrikam\u0131z\u0131n konum haritas\u0131 ve di\u011fer ileti\u015fim detaylar\u0131 i\u00e7in hemen sayfam\u0131z\u0131 ziyaret edin.","og_url":"https:\/\/abaf-pl.com\/tr\/contact-us\/","og_site_name":"abaf-pl.com","article_publisher":"https:\/\/www.facebook.com\/share\/aNgaj6i7JxRY1Uqd\/","article_modified_time":"2025-06-22T09:53:20+00:00","og_image":[{"width":500,"height":500,"url":"https:\/\/abaf-pl.com\/wp-content\/uploads\/2025\/01\/seffaf-koli.webp","type":"image\/webp"}],"twitter_card":"summary_large_image","twitter_misc":{"Tahmini okuma s\u00fcresi":"1 dakika"},"schema":{"@context":"https:\/\/schema.org","@graph":[{"@type":"WebPage","@id":"https:\/\/abaf-pl.com\/tr\/contact-us\/","url":"https:\/\/abaf-pl.com\/tr\/contact-us\/","name":"ileti\u015fim - abaf-pl.com A.B.A.F","isPartOf":{"@id":"https:\/\/abaf-pl.com\/tr\/#website"},"datePublished":"2025-01-01T16:12:46+00:00","dateModified":"2025-06-22T09:53:20+00:00","description":"ABAF - \u0130leti\u015fim - Polonya'daki fabrikam\u0131z\u0131n konum haritas\u0131 ve di\u011fer ileti\u015fim detaylar\u0131 i\u00e7in hemen sayfam\u0131z\u0131 ziyaret edin.","breadcrumb":{"@id":"https:\/\/abaf-pl.com\/tr\/contact-us\/#breadcrumb"},"inLanguage":"tr","potentialAction":[{"@type":"ReadAction","target":["https:\/\/abaf-pl.com\/tr\/contact-us\/"]}]},{"@type":"BreadcrumbList","@id":"https:\/\/abaf-pl.com\/tr\/contact-us\/#breadcrumb","itemListElement":[{"@type":"ListItem","position":1,"name":"ABAF Sp zoo","item":"https:\/\/abaf-pl.com\/tr\/"},{"@type":"ListItem","position":2,"name":"Contact Us"}]},{"@type":"WebSite","@id":"https:\/\/abaf-pl.com\/tr\/#website","url":"https:\/\/abaf-pl.com\/tr\/","name":"abaf-pl.com","description":"Kuru Kesim A\u00e7\u0131lm\u0131\u015f Tavuk But","publisher":{"@id":"https:\/\/abaf-pl.com\/tr\/#organization"},"alternateName":"A.B.A.F","potentialAction":[{"@type":"SearchAction","target":{"@type":"EntryPoint","urlTemplate":"https:\/\/abaf-pl.com\/tr\/?s={search_term_string}"},"query-input":{"@type":"PropertyValueSpecification","valueRequired":true,"valueName":"search_term_string"}}],"inLanguage":"tr"},{"@type":"Organization","@id":"https:\/\/abaf-pl.com\/tr\/#organization","name":"A.B.A.F Sp.z.o.o","alternateName":"ABAF","url":"https:\/\/abaf-pl.com\/tr\/","logo":{"@type":"ImageObject","inLanguage":"tr","@id":"https:\/\/abaf-pl.com\/tr\/#\/schema\/logo\/image\/","url":"https:\/\/abaf-pl.com\/wp-content\/uploads\/2025\/01\/favicon2.png","contentUrl":"https:\/\/abaf-pl.com\/wp-content\/uploads\/2025\/01\/favicon2.png","width":512,"height":512,"caption":"A.B.A.F Sp.z.o.o"},"image":{"@id":"https:\/\/abaf-pl.com\/tr\/#\/schema\/logo\/image\/"},"sameAs":["https:\/\/www.facebook.com\/share\/aNgaj6i7JxRY1Uqd\/","https:\/\/www.instagram.com\/a.b.a.f_sp._z_o.o"]}]}},"_links":{"self":[{"href":"https:\/\/abaf-pl.com\/tr\/wp-json\/wp\/v2\/pages\/33","targetHints":{"allow":["GET"]}}],"collection":[{"href":"https:\/\/abaf-pl.com\/tr\/wp-json\/wp\/v2\/pages"}],"about":[{"href":"https:\/\/abaf-pl.com\/tr\/wp-json\/wp\/v2\/types\/page"}],"author":[{"embeddable":true,"href":"https:\/\/abaf-pl.com\/tr\/wp-json\/wp\/v2\/users\/1"}],"replies":[{"embeddable":true,"href":"https:\/\/abaf-pl.com\/tr\/wp-json\/wp\/v2\/comments?post=33"}],"version-history":[{"count":49,"href":"https:\/\/abaf-pl.com\/tr\/wp-json\/wp\/v2\/pages\/33\/revisions"}],"predecessor-version":[{"id":1263,"href":"https:\/\/abaf-pl.com\/tr\/wp-json\/wp\/v2\/pages\/33\/revisions\/1263"}],"wp:attachment":[{"href":"https:\/\/abaf-pl.com\/tr\/wp-json\/wp\/v2\/media?parent=33"}],"curies":[{"name":"wp","href":"https:\/\/api.w.org\/{rel}","templated":true}]}}