{"id":901,"date":"2025-01-01T16:12:46","date_gmt":"2025-01-01T16:12:46","guid":{"rendered":"https:\/\/abaf-pl.com\/contact-us\/"},"modified":"2025-06-22T09:59:49","modified_gmt":"2025-06-22T09:59:49","slug":"contact-us","status":"publish","type":"page","link":"https:\/\/abaf-pl.com\/en\/contact-us\/","title":{"rendered":"Contact Us"},"content":{"rendered":"\t\t<div data-elementor-type=\"wp-page\" data-elementor-id=\"901\" class=\"elementor elementor-901 elementor-33\">\n\t\t\t\t<div class=\"has_eae_slider elementor-element elementor-element-87ac908 e-flex e-con-boxed e-con e-parent\" data-eae-slider=\"81628\" data-id=\"87ac908\" data-element_type=\"container\" data-e-type=\"container\" data-settings=\"{&quot;background_background&quot;:&quot;classic&quot;}\">\n\t\t\t\t\t<div class=\"e-con-inner\">\n\t\t\t\t<div class=\"elementor-element elementor-element-eaa70af elementor-widget elementor-widget-heading\" data-id=\"eaa70af\" data-element_type=\"widget\" data-e-type=\"widget\" data-widget_type=\"heading.default\">\n\t\t\t\t<div class=\"elementor-widget-container\">\n\t\t\t\t\t<h2 class=\"elementor-heading-title elementor-size-default\">CONTACT US<\/h2>\t\t\t\t<\/div>\n\t\t\t\t<\/div>\n\t\t\t\t\t<\/div>\n\t\t\t\t<\/div>\n\t\t<div class=\"has_eae_slider elementor-element elementor-element-609f1acf e-con-full e-flex e-con e-parent\" data-eae-slider=\"75375\" data-id=\"609f1acf\" data-element_type=\"container\" data-e-type=\"container\">\n\t\t<div class=\"has_eae_slider elementor-element elementor-element-399b1a02 e-con-full e-flex e-con e-child\" data-eae-slider=\"41490\" data-id=\"399b1a02\" data-element_type=\"container\" data-e-type=\"container\" data-settings=\"{&quot;background_background&quot;:&quot;classic&quot;}\">\n\t\t\t\t<div class=\"elementor-element elementor-element-4fc9591 elementor-widget elementor-widget-google_maps\" data-id=\"4fc9591\" data-element_type=\"widget\" data-e-type=\"widget\" data-widget_type=\"google_maps.default\">\n\t\t\t\t<div class=\"elementor-widget-container\">\n\t\t\t\t\t\t\t<div class=\"elementor-custom-embed\">\n\t\t\t<iframe loading=\"lazy\"\n\t\t\t\t\tsrc=\"https:\/\/maps.google.com\/maps?q=Polna%201%20%2C66-300%20Mi%C4%99dzyrzecz%20%2Cpolski&#038;t=m&#038;z=15&#038;output=embed&#038;iwloc=near\"\n\t\t\t\t\ttitle=\"Polna 1 ,66-300 Mi\u0119dzyrzecz ,polski\"\n\t\t\t\t\taria-label=\"Polna 1 ,66-300 Mi\u0119dzyrzecz ,polski\"\n\t\t\t><\/iframe>\n\t\t<\/div>\n\t\t\t\t\t\t<\/div>\n\t\t\t\t<\/div>\n\t\t\t\t<\/div>\n\t\t\t\t<\/div>\n\t\t<div class=\"has_eae_slider elementor-element elementor-element-4916fa4 e-con-full e-flex e-con e-parent\" data-eae-slider=\"31303\" data-id=\"4916fa4\" data-element_type=\"container\" data-e-type=\"container\">\n\t\t<div class=\"has_eae_slider elementor-element elementor-element-ed64137 e-con-full e-flex e-con e-child\" data-eae-slider=\"52544\" data-id=\"ed64137\" data-element_type=\"container\" data-e-type=\"container\">\n\t\t\t\t<div class=\"elementor-element elementor-element-423c9ec elementor-view-default elementor-position-block-start elementor-mobile-position-block-start elementor-widget elementor-widget-icon-box\" data-id=\"423c9ec\" data-element_type=\"widget\" data-e-type=\"widget\" data-widget_type=\"icon-box.default\">\n\t\t\t\t<div class=\"elementor-widget-container\">\n\t\t\t\t\t\t\t<div class=\"elementor-icon-box-wrapper\">\n\n\t\t\t\t\t\t<div class=\"elementor-icon-box-icon\">\n\t\t\t\t<span  class=\"elementor-icon\">\n\t\t\t\t<svg aria-hidden=\"true\" class=\"e-font-icon-svg e-fas-map-marker-alt\" viewBox=\"0 0 384 512\" xmlns=\"http:\/\/www.w3.org\/2000\/svg\"><path d=\"M172.268 501.67C26.97 291.031 0 269.413 0 192 0 85.961 85.961 0 192 0s192 85.961 192 192c0 77.413-26.97 99.031-172.268 309.67-9.535 13.774-29.93 13.773-39.464 0zM192 272c44.183 0 80-35.817 80-80s-35.817-80-80-80-80 35.817-80 80 35.817 80 80 80z\"><\/path><\/svg>\t\t\t\t<\/span>\n\t\t\t<\/div>\n\t\t\t\n\t\t\t\t\t\t<div class=\"elementor-icon-box-content\">\n\n\t\t\t\t\t\t\t\t\t<h3 class=\"elementor-icon-box-title\">\n\t\t\t\t\t\t<span  >\n\t\t\t\t\t\t\tAddress\t\t\t\t\t\t<\/span>\n\t\t\t\t\t<\/h3>\n\t\t\t\t\n\t\t\t\t\t\t\t\t\t<p class=\"elementor-icon-box-description\">\n\t\t\t\t\t\tPolna 1 ,66-300 Mi\u0119dzyrzecz ,polski\t\t\t\t\t<\/p>\n\t\t\t\t\n\t\t\t<\/div>\n\t\t\t\n\t\t<\/div>\n\t\t\t\t\t\t<\/div>\n\t\t\t\t<\/div>\n\t\t\t\t<\/div>\n\t\t<div class=\"has_eae_slider elementor-element elementor-element-50f6aeb e-con-full e-flex e-con e-child\" data-eae-slider=\"71992\" data-id=\"50f6aeb\" data-element_type=\"container\" data-e-type=\"container\">\n\t\t\t\t<div class=\"elementor-element elementor-element-35a3668 elementor-view-default elementor-position-block-start elementor-mobile-position-block-start elementor-widget elementor-widget-icon-box\" data-id=\"35a3668\" data-element_type=\"widget\" data-e-type=\"widget\" data-widget_type=\"icon-box.default\">\n\t\t\t\t<div class=\"elementor-widget-container\">\n\t\t\t\t\t\t\t<div class=\"elementor-icon-box-wrapper\">\n\n\t\t\t\t\t\t<div class=\"elementor-icon-box-icon\">\n\t\t\t\t<a href=\"mailto:info@abaf.com\" target=\"_blank\" class=\"elementor-icon\" tabindex=\"-1\" aria-label=\"Mail\">\n\t\t\t\t<svg aria-hidden=\"true\" class=\"e-font-icon-svg e-far-envelope\" viewBox=\"0 0 512 512\" xmlns=\"http:\/\/www.w3.org\/2000\/svg\"><path d=\"M464 64H48C21.49 64 0 85.49 0 112v288c0 26.51 21.49 48 48 48h416c26.51 0 48-21.49 48-48V112c0-26.51-21.49-48-48-48zm0 48v40.805c-22.422 18.259-58.168 46.651-134.587 106.49-16.841 13.247-50.201 45.072-73.413 44.701-23.208.375-56.579-31.459-73.413-44.701C106.18 199.465 70.425 171.067 48 152.805V112h416zM48 400V214.398c22.914 18.251 55.409 43.862 104.938 82.646 21.857 17.205 60.134 55.186 103.062 54.955 42.717.231 80.509-37.199 103.053-54.947 49.528-38.783 82.032-64.401 104.947-82.653V400H48z\"><\/path><\/svg>\t\t\t\t<\/a>\n\t\t\t<\/div>\n\t\t\t\n\t\t\t\t\t\t<div class=\"elementor-icon-box-content\">\n\n\t\t\t\t\t\t\t\t\t<h3 class=\"elementor-icon-box-title\">\n\t\t\t\t\t\t<a href=\"mailto:info@abaf.com\" target=\"_blank\" >\n\t\t\t\t\t\t\tMail\t\t\t\t\t\t<\/a>\n\t\t\t\t\t<\/h3>\n\t\t\t\t\n\t\t\t\t\t\t\t\t\t<p class=\"elementor-icon-box-description\">\n\t\t\t\t\t\tinfo@abaf-pl.com\t\t\t\t\t<\/p>\n\t\t\t\t\n\t\t\t<\/div>\n\t\t\t\n\t\t<\/div>\n\t\t\t\t\t\t<\/div>\n\t\t\t\t<\/div>\n\t\t\t\t<\/div>\n\t\t<div class=\"has_eae_slider elementor-element elementor-element-ea42f24 e-con-full e-flex e-con e-child\" data-eae-slider=\"70438\" data-id=\"ea42f24\" data-element_type=\"container\" data-e-type=\"container\">\n\t\t\t\t<div class=\"elementor-element elementor-element-d43e960 elementor-view-default elementor-position-block-start elementor-mobile-position-block-start elementor-widget elementor-widget-icon-box\" data-id=\"d43e960\" data-element_type=\"widget\" data-e-type=\"widget\" data-widget_type=\"icon-box.default\">\n\t\t\t\t<div class=\"elementor-widget-container\">\n\t\t\t\t\t\t\t<div class=\"elementor-icon-box-wrapper\">\n\n\t\t\t\t\t\t<div class=\"elementor-icon-box-icon\">\n\t\t\t\t<a href=\"tel:+48%20%20734%20141%20469\" class=\"elementor-icon\" tabindex=\"-1\" aria-label=\"Telephone\">\n\t\t\t\t<svg aria-hidden=\"true\" class=\"e-font-icon-svg e-fas-phone\" viewBox=\"0 0 512 512\" xmlns=\"http:\/\/www.w3.org\/2000\/svg\"><path d=\"M493.4 24.6l-104-24c-11.3-2.6-22.9 3.3-27.5 13.9l-48 112c-4.2 9.8-1.4 21.3 6.9 28l60.6 49.6c-36 76.7-98.9 140.5-177.2 177.2l-49.6-60.6c-6.8-8.3-18.2-11.1-28-6.9l-112 48C3.9 366.5-2 378.1.6 389.4l24 104C27.1 504.2 36.7 512 48 512c256.1 0 464-207.5 464-464 0-11.2-7.7-20.9-18.6-23.4z\"><\/path><\/svg>\t\t\t\t<\/a>\n\t\t\t<\/div>\n\t\t\t\n\t\t\t\t\t\t<div class=\"elementor-icon-box-content\">\n\n\t\t\t\t\t\t\t\t\t<h3 class=\"elementor-icon-box-title\">\n\t\t\t\t\t\t<a href=\"tel:+48%20%20734%20141%20469\" >\n\t\t\t\t\t\t\tTelephone\t\t\t\t\t\t<\/a>\n\t\t\t\t\t<\/h3>\n\t\t\t\t\n\t\t\t\t\t\t\t\t\t<p class=\"elementor-icon-box-description\">\n\t\t\t\t\t\t+48 734 141 469\t\t\t\t\t<\/p>\n\t\t\t\t\n\t\t\t<\/div>\n\t\t\t\n\t\t<\/div>\n\t\t\t\t\t\t<\/div>\n\t\t\t\t<\/div>\n\t\t\t\t<\/div>\n\t\t\t\t<\/div>\n\t\t<div class=\"has_eae_slider elementor-element elementor-element-5464aad e-flex e-con-boxed e-con e-parent\" data-eae-slider=\"14455\" data-id=\"5464aad\" data-element_type=\"container\" data-e-type=\"container\">\n\t\t\t\t\t<div class=\"e-con-inner\">\n\t\t\t\t<div class=\"elementor-element elementor-element-f165be0 elementor-widget-divider--view-line elementor-widget elementor-widget-divider\" data-id=\"f165be0\" data-element_type=\"widget\" data-e-type=\"widget\" data-widget_type=\"divider.default\">\n\t\t\t\t<div class=\"elementor-widget-container\">\n\t\t\t\t\t\t\t<div class=\"elementor-divider\">\n\t\t\t<span class=\"elementor-divider-separator\">\n\t\t\t\t\t\t<\/span>\n\t\t<\/div>\n\t\t\t\t\t\t<\/div>\n\t\t\t\t<\/div>\n\t\t\t\t<div class=\"elementor-element elementor-element-9f41982 elementor-widget elementor-widget-heading\" data-id=\"9f41982\" data-element_type=\"widget\" data-e-type=\"widget\" data-widget_type=\"heading.default\">\n\t\t\t\t<div class=\"elementor-widget-container\">\n\t\t\t\t\t<h2 class=\"elementor-heading-title elementor-size-default\">YOU CAN CONTACT US BY FILLING OUT THE FORM BELOW<\/h2>\t\t\t\t<\/div>\n\t\t\t\t<\/div>\n\t\t\t\t<div class=\"elementor-element elementor-element-0e3abe1 elementor-widget elementor-widget-sina_contact_form\" data-id=\"0e3abe1\" data-element_type=\"widget\" data-e-type=\"widget\" data-widget_type=\"sina_contact_form.default\">\n\t\t\t\t<div class=\"elementor-widget-container\">\n\t\t\t\t\t\t\t<div class=\"sina-form\">\r\n\t\t\t<form class=\"sina-contact-form\"\r\n\t\t\tdata-uid=\"0e3abe1\"\r\n\t\t\tdata-from=\"\"\r\n\t\t\tdata-inbox=\"1961fc7b4ccb5218206432ae9ac6d884\"\r\n\t\t\tdata-captcha=\"\">\r\n\t\t\t\t\t\t\t\t\t<div class=\"sina-contact-input\">\r\n\t<div class=\"sina-contact-input-half\">\r\n\t\t<input class=\"sina-input-field sina-input-block sina-input-name\" type=\"text\" placeholder=\"Enter Your Name *\" >\r\n\t\t<input class=\"sina-input-field sina-input-block sina-input-email\" type=\"email\" placeholder=\"Enter Your Email *\" >\r\n\t\t<input class=\"sina-input-field sina-input-block sina-input-subject\" type=\"text\" placeholder=\"Enter Your Subject *\" >\r\n\t<\/div>\r\n\t<div class=\"sina-contact-input-half\">\r\n\t\t<textarea class=\"sina-input-field sina-input-block sina-input-message\" placeholder=\"Enter Your Message *\"><\/textarea>\r\n\t<\/div>\r\n<\/div>\r\n<div class=\"sina-contact-input\">\r\n\t<!-- For Google Recaptcha -->\r\n\t\r\n\t<button type=\"submit\" class=\"sina-button sina-contact-btn  \">\r\n\t\t\t\tSend\t\t\t<\/button>\r\n<\/div>\t\t\t\t\r\n\t\t\t\t<p class=\"sina-success-text\">Thanks for sending Email!<\/p>\t\t\t\t<p class=\"sina-error-text\"><\/p>\r\n\t\t\t\t<p class=\"sina-process-text\">Processing...<\/p>\r\n\r\n\t\t\t\t<input type=\"hidden\" id=\"sina_contact_nonce0e3abe1\" name=\"sina_contact_nonce0e3abe1\" value=\"44dcc3e00e\" \/><input type=\"hidden\" name=\"_wp_http_referer\" value=\"\/en\/wp-json\/wp\/v2\/pages\/901\" \/>\t\t\t<\/form><!-- .sina-contact-form -->\r\n\t\t<\/div><!-- .sina-form -->\r\n\t\t\t\t\t\t<\/div>\n\t\t\t\t<\/div>\n\t\t\t\t<div class=\"elementor-element elementor-element-d920bdc elementor-widget-divider--view-line elementor-widget elementor-widget-divider\" data-id=\"d920bdc\" data-element_type=\"widget\" data-e-type=\"widget\" data-widget_type=\"divider.default\">\n\t\t\t\t<div class=\"elementor-widget-container\">\n\t\t\t\t\t\t\t<div class=\"elementor-divider\">\n\t\t\t<span class=\"elementor-divider-separator\">\n\t\t\t\t\t\t<\/span>\n\t\t<\/div>\n\t\t\t\t\t\t<\/div>\n\t\t\t\t<\/div>\n\t\t\t\t\t<\/div>\n\t\t\t\t<\/div>\n\t\t<div class=\"has_eae_slider elementor-element elementor-element-d55607d e-flex e-con-boxed e-con e-parent\" data-eae-slider=\"63202\" data-id=\"d55607d\" data-element_type=\"container\" data-e-type=\"container\">\n\t\t\t\t\t<div class=\"e-con-inner\">\n\t\t\t\t<div class=\"elementor-element elementor-element-dd76aeb elementor-widget elementor-widget-text-editor\" data-id=\"dd76aeb\" data-element_type=\"widget\" data-e-type=\"widget\" data-widget_type=\"text-editor.default\">\n\t\t\t\t<div class=\"elementor-widget-container\">\n\t\t\t\t\t\t\t\t\t<p>The security of your personal information is very important to us. By submitting the form, you acknowledge that we will use your information solely for the specified purposes and process it in accordance with our privacy policy. For more information, you can review our privacy policy [<a href=\"https:\/\/abaf-pl.com\/en\/privacy-policy\/\">here<\/a>]<\/p>\t\t\t\t\t\t\t\t<\/div>\n\t\t\t\t<\/div>\n\t\t\t\t\t<\/div>\n\t\t\t\t<\/div>\n\t\t\t\t<\/div>\n\t\t","protected":false},"excerpt":{"rendered":"<p>CONTACT US Address Polna 1 ,66-300 Mi\u0119dzyrzecz ,polski Mail info@abaf-pl.com Telephone +48 734 141 469 YOU CAN CONTACT US BY FILLING OUT THE FORM BELOW Send Thanks for sending Email! Processing&#8230; The security of your personal information is very important to us. By submitting the form, you acknowledge that we will use your information solely [&hellip;]<\/p>\n","protected":false},"author":1,"featured_media":0,"parent":0,"menu_order":0,"comment_status":"closed","ping_status":"closed","template":"elementor_header_footer","meta":{"footnotes":""},"class_list":["post-901","page","type-page","status-publish","hentry"],"yoast_head":"<!-- This site is optimized with the Yoast SEO plugin v27.4 - https:\/\/yoast.com\/product\/yoast-seo-wordpress\/ -->\n<title>Contact Us | Get in Touch with ABAF Sp. z o.o.<\/title>\n<meta name=\"description\" content=\"contact us - Get in touch with ABAF Sp. z o.o. for inquiries about our premium poultry products. We&#039;re happy to assist with your needs.\" \/>\n<meta name=\"robots\" content=\"index, follow, max-snippet:-1, max-image-preview:large, max-video-preview:-1\" \/>\n<link rel=\"canonical\" href=\"https:\/\/abaf-pl.com\/en\/contact-us\/\" \/>\n<meta property=\"og:locale\" content=\"en_US\" \/>\n<meta property=\"og:type\" content=\"article\" \/>\n<meta property=\"og:title\" content=\"Contact Us | Get in Touch with ABAF Sp. z o.o.\" \/>\n<meta property=\"og:description\" content=\"contact us - Get in touch with ABAF Sp. z o.o. for inquiries about our premium poultry products. We&#039;re happy to assist with your needs.\" \/>\n<meta property=\"og:url\" content=\"https:\/\/abaf-pl.com\/en\/contact-us\/\" \/>\n<meta property=\"og:site_name\" content=\"abaf-pl.com\" \/>\n<meta property=\"article:publisher\" content=\"https:\/\/www.facebook.com\/share\/aNgaj6i7JxRY1Uqd\/\" \/>\n<meta property=\"article:modified_time\" content=\"2025-06-22T09:59:49+00:00\" \/>\n<meta property=\"og:image\" content=\"https:\/\/abaf-pl.com\/wp-content\/uploads\/2025\/01\/seffaf-koli.webp\" \/>\n\t<meta property=\"og:image:width\" content=\"500\" \/>\n\t<meta property=\"og:image:height\" content=\"500\" \/>\n\t<meta property=\"og:image:type\" content=\"image\/webp\" \/>\n<meta name=\"twitter:card\" content=\"summary_large_image\" \/>\n<meta name=\"twitter:label1\" content=\"Est. reading time\" \/>\n\t<meta name=\"twitter:data1\" content=\"1 minute\" \/>\n<script type=\"application\/ld+json\" class=\"yoast-schema-graph\">{\"@context\":\"https:\\\/\\\/schema.org\",\"@graph\":[{\"@type\":\"WebPage\",\"@id\":\"https:\\\/\\\/abaf-pl.com\\\/en\\\/contact-us\\\/\",\"url\":\"https:\\\/\\\/abaf-pl.com\\\/en\\\/contact-us\\\/\",\"name\":\"Contact Us | Get in Touch with ABAF Sp. z o.o.\",\"isPartOf\":{\"@id\":\"https:\\\/\\\/abaf-pl.com\\\/en\\\/#website\"},\"datePublished\":\"2025-01-01T16:12:46+00:00\",\"dateModified\":\"2025-06-22T09:59:49+00:00\",\"description\":\"contact us - Get in touch with ABAF Sp. z o.o. for inquiries about our premium poultry products. We're happy to assist with your needs.\",\"breadcrumb\":{\"@id\":\"https:\\\/\\\/abaf-pl.com\\\/en\\\/contact-us\\\/#breadcrumb\"},\"inLanguage\":\"en-US\",\"potentialAction\":[{\"@type\":\"ReadAction\",\"target\":[\"https:\\\/\\\/abaf-pl.com\\\/en\\\/contact-us\\\/\"]}]},{\"@type\":\"BreadcrumbList\",\"@id\":\"https:\\\/\\\/abaf-pl.com\\\/en\\\/contact-us\\\/#breadcrumb\",\"itemListElement\":[{\"@type\":\"ListItem\",\"position\":1,\"name\":\"ABAF Sp zoo\",\"item\":\"https:\\\/\\\/abaf-pl.com\\\/en\\\/\"},{\"@type\":\"ListItem\",\"position\":2,\"name\":\"Contact Us\"}]},{\"@type\":\"WebSite\",\"@id\":\"https:\\\/\\\/abaf-pl.com\\\/en\\\/#website\",\"url\":\"https:\\\/\\\/abaf-pl.com\\\/en\\\/\",\"name\":\"abaf-pl.com\",\"description\":\"Kuru Kesim A\u00e7\u0131lm\u0131\u015f Tavuk But\",\"publisher\":{\"@id\":\"https:\\\/\\\/abaf-pl.com\\\/en\\\/#organization\"},\"alternateName\":\"A.B.A.F\",\"potentialAction\":[{\"@type\":\"SearchAction\",\"target\":{\"@type\":\"EntryPoint\",\"urlTemplate\":\"https:\\\/\\\/abaf-pl.com\\\/en\\\/?s={search_term_string}\"},\"query-input\":{\"@type\":\"PropertyValueSpecification\",\"valueRequired\":true,\"valueName\":\"search_term_string\"}}],\"inLanguage\":\"en-US\"},{\"@type\":\"Organization\",\"@id\":\"https:\\\/\\\/abaf-pl.com\\\/en\\\/#organization\",\"name\":\"A.B.A.F Sp.z.o.o\",\"alternateName\":\"ABAF\",\"url\":\"https:\\\/\\\/abaf-pl.com\\\/en\\\/\",\"logo\":{\"@type\":\"ImageObject\",\"inLanguage\":\"en-US\",\"@id\":\"https:\\\/\\\/abaf-pl.com\\\/en\\\/#\\\/schema\\\/logo\\\/image\\\/\",\"url\":\"https:\\\/\\\/abaf-pl.com\\\/wp-content\\\/uploads\\\/2025\\\/01\\\/favicon2.png\",\"contentUrl\":\"https:\\\/\\\/abaf-pl.com\\\/wp-content\\\/uploads\\\/2025\\\/01\\\/favicon2.png\",\"width\":512,\"height\":512,\"caption\":\"A.B.A.F Sp.z.o.o\"},\"image\":{\"@id\":\"https:\\\/\\\/abaf-pl.com\\\/en\\\/#\\\/schema\\\/logo\\\/image\\\/\"},\"sameAs\":[\"https:\\\/\\\/www.facebook.com\\\/share\\\/aNgaj6i7JxRY1Uqd\\\/\",\"https:\\\/\\\/www.instagram.com\\\/a.b.a.f_sp._z_o.o\"]}]}<\/script>\n<!-- \/ Yoast SEO plugin. -->","yoast_head_json":{"title":"Contact Us | Get in Touch with ABAF Sp. z o.o.","description":"contact us - Get in touch with ABAF Sp. z o.o. for inquiries about our premium poultry products. We're happy to assist with your needs.","robots":{"index":"index","follow":"follow","max-snippet":"max-snippet:-1","max-image-preview":"max-image-preview:large","max-video-preview":"max-video-preview:-1"},"canonical":"https:\/\/abaf-pl.com\/en\/contact-us\/","og_locale":"en_US","og_type":"article","og_title":"Contact Us | Get in Touch with ABAF Sp. z o.o.","og_description":"contact us - Get in touch with ABAF Sp. z o.o. for inquiries about our premium poultry products. We're happy to assist with your needs.","og_url":"https:\/\/abaf-pl.com\/en\/contact-us\/","og_site_name":"abaf-pl.com","article_publisher":"https:\/\/www.facebook.com\/share\/aNgaj6i7JxRY1Uqd\/","article_modified_time":"2025-06-22T09:59:49+00:00","og_image":[{"width":500,"height":500,"url":"https:\/\/abaf-pl.com\/wp-content\/uploads\/2025\/01\/seffaf-koli.webp","type":"image\/webp"}],"twitter_card":"summary_large_image","twitter_misc":{"Est. reading time":"1 minute"},"schema":{"@context":"https:\/\/schema.org","@graph":[{"@type":"WebPage","@id":"https:\/\/abaf-pl.com\/en\/contact-us\/","url":"https:\/\/abaf-pl.com\/en\/contact-us\/","name":"Contact Us | Get in Touch with ABAF Sp. z o.o.","isPartOf":{"@id":"https:\/\/abaf-pl.com\/en\/#website"},"datePublished":"2025-01-01T16:12:46+00:00","dateModified":"2025-06-22T09:59:49+00:00","description":"contact us - Get in touch with ABAF Sp. z o.o. for inquiries about our premium poultry products. We're happy to assist with your needs.","breadcrumb":{"@id":"https:\/\/abaf-pl.com\/en\/contact-us\/#breadcrumb"},"inLanguage":"en-US","potentialAction":[{"@type":"ReadAction","target":["https:\/\/abaf-pl.com\/en\/contact-us\/"]}]},{"@type":"BreadcrumbList","@id":"https:\/\/abaf-pl.com\/en\/contact-us\/#breadcrumb","itemListElement":[{"@type":"ListItem","position":1,"name":"ABAF Sp zoo","item":"https:\/\/abaf-pl.com\/en\/"},{"@type":"ListItem","position":2,"name":"Contact Us"}]},{"@type":"WebSite","@id":"https:\/\/abaf-pl.com\/en\/#website","url":"https:\/\/abaf-pl.com\/en\/","name":"abaf-pl.com","description":"Kuru Kesim A\u00e7\u0131lm\u0131\u015f Tavuk But","publisher":{"@id":"https:\/\/abaf-pl.com\/en\/#organization"},"alternateName":"A.B.A.F","potentialAction":[{"@type":"SearchAction","target":{"@type":"EntryPoint","urlTemplate":"https:\/\/abaf-pl.com\/en\/?s={search_term_string}"},"query-input":{"@type":"PropertyValueSpecification","valueRequired":true,"valueName":"search_term_string"}}],"inLanguage":"en-US"},{"@type":"Organization","@id":"https:\/\/abaf-pl.com\/en\/#organization","name":"A.B.A.F Sp.z.o.o","alternateName":"ABAF","url":"https:\/\/abaf-pl.com\/en\/","logo":{"@type":"ImageObject","inLanguage":"en-US","@id":"https:\/\/abaf-pl.com\/en\/#\/schema\/logo\/image\/","url":"https:\/\/abaf-pl.com\/wp-content\/uploads\/2025\/01\/favicon2.png","contentUrl":"https:\/\/abaf-pl.com\/wp-content\/uploads\/2025\/01\/favicon2.png","width":512,"height":512,"caption":"A.B.A.F Sp.z.o.o"},"image":{"@id":"https:\/\/abaf-pl.com\/en\/#\/schema\/logo\/image\/"},"sameAs":["https:\/\/www.facebook.com\/share\/aNgaj6i7JxRY1Uqd\/","https:\/\/www.instagram.com\/a.b.a.f_sp._z_o.o"]}]}},"_links":{"self":[{"href":"https:\/\/abaf-pl.com\/en\/wp-json\/wp\/v2\/pages\/901","targetHints":{"allow":["GET"]}}],"collection":[{"href":"https:\/\/abaf-pl.com\/en\/wp-json\/wp\/v2\/pages"}],"about":[{"href":"https:\/\/abaf-pl.com\/en\/wp-json\/wp\/v2\/types\/page"}],"author":[{"embeddable":true,"href":"https:\/\/abaf-pl.com\/en\/wp-json\/wp\/v2\/users\/1"}],"replies":[{"embeddable":true,"href":"https:\/\/abaf-pl.com\/en\/wp-json\/wp\/v2\/comments?post=901"}],"version-history":[{"count":27,"href":"https:\/\/abaf-pl.com\/en\/wp-json\/wp\/v2\/pages\/901\/revisions"}],"predecessor-version":[{"id":1271,"href":"https:\/\/abaf-pl.com\/en\/wp-json\/wp\/v2\/pages\/901\/revisions\/1271"}],"wp:attachment":[{"href":"https:\/\/abaf-pl.com\/en\/wp-json\/wp\/v2\/media?parent=901"}],"curies":[{"name":"wp","href":"https:\/\/api.w.org\/{rel}","templated":true}]}}