{"id":897,"date":"2025-01-01T16:12:50","date_gmt":"2025-01-01T16:12:50","guid":{"rendered":"https:\/\/abaf-pl.com\/hakkimizda-acilmis-tavuk-but\/"},"modified":"2025-01-17T11:54:00","modified_gmt":"2025-01-17T11:54:00","slug":"chicken-thighs-supplier","status":"publish","type":"page","link":"https:\/\/abaf-pl.com\/en\/chicken-thighs-supplier\/","title":{"rendered":""},"content":{"rendered":"\t\t<div data-elementor-type=\"wp-page\" data-elementor-id=\"897\" class=\"elementor elementor-897 elementor-59\">\n\t\t\t\t<div class=\"has_eae_slider elementor-element elementor-element-67dd98f elementor-hidden-tablet e-flex e-con-boxed e-con e-parent\" data-eae-slider=\"22851\" data-id=\"67dd98f\" data-element_type=\"container\" data-e-type=\"container\">\n\t\t\t\t\t<div class=\"e-con-inner\">\n\t\t\t\t<div class=\"elementor-element elementor-element-d6a80c8 elementor-hidden-desktop elementor-widget elementor-widget-heading\" data-id=\"d6a80c8\" data-element_type=\"widget\" data-e-type=\"widget\" data-widget_type=\"heading.default\">\n\t\t\t\t<div class=\"elementor-widget-container\">\n\t\t\t\t\t<h2 class=\"elementor-heading-title elementor-size-default\">Your Reliable Business Partner<\/h2>\t\t\t\t<\/div>\n\t\t\t\t<\/div>\n\t\t\t\t\t<\/div>\n\t\t\t\t<\/div>\n\t\t<div class=\"has_eae_slider elementor-element elementor-element-7fa2dc55 e-con-full e-flex e-con e-parent\" data-eae-slider=\"67854\" data-id=\"7fa2dc55\" data-element_type=\"container\" data-e-type=\"container\">\n\t\t<div class=\"has_eae_slider elementor-element elementor-element-11b0f0ce e-con-full e-flex e-con e-child\" data-eae-slider=\"10289\" data-id=\"11b0f0ce\" data-element_type=\"container\" data-e-type=\"container\">\n\t\t<div class=\"has_eae_slider elementor-element elementor-element-425aece2 e-flex e-con-boxed e-con e-child\" data-eae-slider=\"68343\" data-id=\"425aece2\" data-element_type=\"container\" data-e-type=\"container\">\n\t\t\t\t\t<div class=\"e-con-inner\">\n\t\t\t\t<div class=\"elementor-element elementor-element-2fe4dab2 elementor-hidden-mobile elementor-widget elementor-widget-heading\" data-id=\"2fe4dab2\" data-element_type=\"widget\" data-e-type=\"widget\" data-widget_type=\"heading.default\">\n\t\t\t\t<div class=\"elementor-widget-container\">\n\t\t\t\t\t<h1 class=\"elementor-heading-title elementor-size-default\">Your Reliable Business Partner<\/h1>\t\t\t\t<\/div>\n\t\t\t\t<\/div>\n\t\t\t\t<div class=\"elementor-element elementor-element-365af02e elementor-widget__width-initial elementor-widget elementor-widget-text-editor\" data-id=\"365af02e\" data-element_type=\"widget\" data-e-type=\"widget\" data-settings=\"{&quot;_animation&quot;:&quot;none&quot;}\" data-widget_type=\"text-editor.default\">\n\t\t\t\t<div class=\"elementor-widget-container\">\n\t\t\t\t\t\t\t\t\t<p>As <strong>A.B.A.F sp.z o.o.<\/strong>, we produce high-quality dry-cut deboned chicken thighs at our Poland-based factory. Through fast and reliable deliveries to many locations across Europe, we are committed to providing our customers with fresh and healthy products.<\/p><p>In our production processes, we fully adhere to halal slaughter principles, prioritizing our customers&#8217; religious sensitivities. With advanced technology and an experienced team, we guarantee the highest level of quality.<\/p><p>Our products are specifically designed for large companies, aiming to be a reliable business partner in the food industry<\/p>\t\t\t\t\t\t\t\t<\/div>\n\t\t\t\t<\/div>\n\t\t\t\t\t<\/div>\n\t\t\t\t<\/div>\n\t\t\t\t<div class=\"elementor-element elementor-element-14da5193 elementor-widget elementor-widget-heading\" data-id=\"14da5193\" data-element_type=\"widget\" data-e-type=\"widget\" data-settings=\"{&quot;_animation&quot;:&quot;none&quot;}\" data-widget_type=\"heading.default\">\n\t\t\t\t<div class=\"elementor-widget-container\">\n\t\t\t\t\t<span class=\"elementor-heading-title elementor-size-default\">ABAF sp.z o.o.<\/span>\t\t\t\t<\/div>\n\t\t\t\t<\/div>\n\t\t\t\t<\/div>\n\t\t<div class=\"has_eae_slider elementor-element elementor-element-6f9efb58 e-con-full e-flex e-con e-child\" data-eae-slider=\"60561\" data-id=\"6f9efb58\" data-element_type=\"container\" data-e-type=\"container\" data-settings=\"{&quot;background_background&quot;:&quot;classic&quot;}\">\n\t\t\t\t<\/div>\n\t\t\t\t<\/div>\n\t\t<div class=\"has_eae_slider elementor-element elementor-element-2cb2535d e-con-full e-flex e-con e-parent\" data-eae-slider=\"65666\" data-id=\"2cb2535d\" data-element_type=\"container\" data-e-type=\"container\">\n\t\t<div class=\"has_eae_slider elementor-element elementor-element-69060af5 e-con-full e-flex e-con e-child\" data-eae-slider=\"72145\" data-id=\"69060af5\" data-element_type=\"container\" data-e-type=\"container\" data-settings=\"{&quot;background_background&quot;:&quot;classic&quot;}\">\n\t\t\t\t<\/div>\n\t\t<div class=\"has_eae_slider elementor-element elementor-element-5630a2a7 e-con-full e-flex e-con e-child\" data-eae-slider=\"20938\" data-id=\"5630a2a7\" data-element_type=\"container\" data-e-type=\"container\">\n\t\t\t\t<div class=\"elementor-element elementor-element-368e45ab elementor-widget elementor-widget-heading\" data-id=\"368e45ab\" data-element_type=\"widget\" data-e-type=\"widget\" data-widget_type=\"heading.default\">\n\t\t\t\t<div class=\"elementor-widget-container\">\n\t\t\t\t\t<h2 class=\"elementor-heading-title elementor-size-default\">We Are Everywhere in Europe<\/h2>\t\t\t\t<\/div>\n\t\t\t\t<\/div>\n\t\t\t\t<div class=\"elementor-element elementor-element-44ce72b9 elementor-widget elementor-widget-text-editor\" data-id=\"44ce72b9\" data-element_type=\"widget\" data-e-type=\"widget\" data-widget_type=\"text-editor.default\">\n\t\t\t\t<div class=\"elementor-widget-container\">\n\t\t\t\t\t\t\t\t\t<p>Thanks to our robust logistics network reaching every corner of Europe, we ensure your deliveries are both timely and complete.<br \/>Experience quality, trust, and professionalism all in one by working with us.<\/p><p>We prioritize customer satisfaction and provide tailored solutions at every step. While maintaining the highest quality standards for our products, we aim to stand out in the industry with our flexible and innovative approach.<\/p>\t\t\t\t\t\t\t\t<\/div>\n\t\t\t\t<\/div>\n\t\t\t\t<\/div>\n\t\t\t\t<\/div>\n\t\t\t\t<\/div>\n\t\t","protected":false},"excerpt":{"rendered":"<p>Your Reliable Business Partner Your Reliable Business Partner As A.B.A.F sp.z o.o., we produce high-quality dry-cut deboned chicken thighs at our Poland-based factory. Through fast and reliable deliveries to many locations across Europe, we are committed to providing our customers with fresh and healthy products. In our production processes, we fully adhere to halal slaughter [&hellip;]<\/p>\n","protected":false},"author":1,"featured_media":0,"parent":0,"menu_order":0,"comment_status":"closed","ping_status":"closed","template":"","meta":{"footnotes":""},"class_list":["post-897","page","type-page","status-publish","hentry"],"yoast_head":"<!-- This site is optimized with the Yoast SEO plugin v27.6 - https:\/\/yoast.com\/product\/yoast-seo-wordpress\/ -->\n<title>ABAF Sp. z o.o. | Additive-Free Chicken Thighs Supplier<\/title>\n<meta name=\"description\" content=\"ABAF - is a trusted supplier of premium chicken thighs, free from additives and preservatives. We offer reliable distribution and logistics services across Europe\" \/>\n<meta name=\"robots\" content=\"index, follow, max-snippet:-1, max-image-preview:large, max-video-preview:-1\" \/>\n<link rel=\"canonical\" href=\"https:\/\/abaf-pl.com\/en\/chicken-thighs-supplier\/\" \/>\n<meta property=\"og:locale\" content=\"en_US\" \/>\n<meta property=\"og:type\" content=\"article\" \/>\n<meta property=\"og:title\" content=\"ABAF Sp. z o.o. | Additive-Free Chicken Thighs Supplier\" \/>\n<meta property=\"og:description\" content=\"ABAF - is a trusted supplier of premium chicken thighs, free from additives and preservatives. We offer reliable distribution and logistics services across Europe\" \/>\n<meta property=\"og:url\" content=\"https:\/\/abaf-pl.com\/en\/chicken-thighs-supplier\/\" \/>\n<meta property=\"og:site_name\" content=\"abaf-pl.com\" \/>\n<meta property=\"article:publisher\" content=\"https:\/\/www.facebook.com\/share\/aNgaj6i7JxRY1Uqd\/\" \/>\n<meta property=\"article:modified_time\" content=\"2025-01-17T11:54:00+00:00\" \/>\n<meta property=\"og:image\" content=\"https:\/\/abaf-pl.com\/wp-content\/uploads\/2025\/01\/seffaf-koli.webp\" \/>\n\t<meta property=\"og:image:width\" content=\"500\" \/>\n\t<meta property=\"og:image:height\" content=\"500\" \/>\n\t<meta property=\"og:image:type\" content=\"image\/webp\" \/>\n<meta name=\"twitter:card\" content=\"summary_large_image\" \/>\n<meta name=\"twitter:label1\" content=\"Est. reading time\" \/>\n\t<meta name=\"twitter:data1\" content=\"2 minutes\" \/>\n<script type=\"application\/ld+json\" class=\"yoast-schema-graph\">{\"@context\":\"https:\\\/\\\/schema.org\",\"@graph\":[{\"@type\":\"WebPage\",\"@id\":\"https:\\\/\\\/abaf-pl.com\\\/en\\\/chicken-thighs-supplier\\\/\",\"url\":\"https:\\\/\\\/abaf-pl.com\\\/en\\\/chicken-thighs-supplier\\\/\",\"name\":\"ABAF Sp. z o.o. | Additive-Free Chicken Thighs Supplier\",\"isPartOf\":{\"@id\":\"https:\\\/\\\/abaf-pl.com\\\/en\\\/#website\"},\"datePublished\":\"2025-01-01T16:12:50+00:00\",\"dateModified\":\"2025-01-17T11:54:00+00:00\",\"description\":\"ABAF - is a trusted supplier of premium chicken thighs, free from additives and preservatives. We offer reliable distribution and logistics services across Europe\",\"inLanguage\":\"en-US\",\"potentialAction\":[{\"@type\":\"ReadAction\",\"target\":[\"https:\\\/\\\/abaf-pl.com\\\/en\\\/chicken-thighs-supplier\\\/\"]}]},{\"@type\":\"WebSite\",\"@id\":\"https:\\\/\\\/abaf-pl.com\\\/en\\\/#website\",\"url\":\"https:\\\/\\\/abaf-pl.com\\\/en\\\/\",\"name\":\"abaf-pl.com\",\"description\":\"Kuru Kesim A\u00e7\u0131lm\u0131\u015f Tavuk But\",\"publisher\":{\"@id\":\"https:\\\/\\\/abaf-pl.com\\\/en\\\/#organization\"},\"alternateName\":\"A.B.A.F\",\"potentialAction\":[{\"@type\":\"SearchAction\",\"target\":{\"@type\":\"EntryPoint\",\"urlTemplate\":\"https:\\\/\\\/abaf-pl.com\\\/en\\\/?s={search_term_string}\"},\"query-input\":{\"@type\":\"PropertyValueSpecification\",\"valueRequired\":true,\"valueName\":\"search_term_string\"}}],\"inLanguage\":\"en-US\"},{\"@type\":\"Organization\",\"@id\":\"https:\\\/\\\/abaf-pl.com\\\/en\\\/#organization\",\"name\":\"A.B.A.F Sp.z.o.o\",\"alternateName\":\"ABAF\",\"url\":\"https:\\\/\\\/abaf-pl.com\\\/en\\\/\",\"logo\":{\"@type\":\"ImageObject\",\"inLanguage\":\"en-US\",\"@id\":\"https:\\\/\\\/abaf-pl.com\\\/en\\\/#\\\/schema\\\/logo\\\/image\\\/\",\"url\":\"https:\\\/\\\/abaf-pl.com\\\/wp-content\\\/uploads\\\/2025\\\/01\\\/favicon2.png\",\"contentUrl\":\"https:\\\/\\\/abaf-pl.com\\\/wp-content\\\/uploads\\\/2025\\\/01\\\/favicon2.png\",\"width\":512,\"height\":512,\"caption\":\"A.B.A.F Sp.z.o.o\"},\"image\":{\"@id\":\"https:\\\/\\\/abaf-pl.com\\\/en\\\/#\\\/schema\\\/logo\\\/image\\\/\"},\"sameAs\":[\"https:\\\/\\\/www.facebook.com\\\/share\\\/aNgaj6i7JxRY1Uqd\\\/\",\"https:\\\/\\\/www.instagram.com\\\/a.b.a.f_sp._z_o.o\"]}]}<\/script>\n<!-- \/ Yoast SEO plugin. -->","yoast_head_json":{"title":"ABAF Sp. z o.o. | Additive-Free Chicken Thighs Supplier","description":"ABAF - is a trusted supplier of premium chicken thighs, free from additives and preservatives. We offer reliable distribution and logistics services across Europe","robots":{"index":"index","follow":"follow","max-snippet":"max-snippet:-1","max-image-preview":"max-image-preview:large","max-video-preview":"max-video-preview:-1"},"canonical":"https:\/\/abaf-pl.com\/en\/chicken-thighs-supplier\/","og_locale":"en_US","og_type":"article","og_title":"ABAF Sp. z o.o. | Additive-Free Chicken Thighs Supplier","og_description":"ABAF - is a trusted supplier of premium chicken thighs, free from additives and preservatives. We offer reliable distribution and logistics services across Europe","og_url":"https:\/\/abaf-pl.com\/en\/chicken-thighs-supplier\/","og_site_name":"abaf-pl.com","article_publisher":"https:\/\/www.facebook.com\/share\/aNgaj6i7JxRY1Uqd\/","article_modified_time":"2025-01-17T11:54:00+00:00","og_image":[{"width":500,"height":500,"url":"https:\/\/abaf-pl.com\/wp-content\/uploads\/2025\/01\/seffaf-koli.webp","type":"image\/webp"}],"twitter_card":"summary_large_image","twitter_misc":{"Est. reading time":"2 minutes"},"schema":{"@context":"https:\/\/schema.org","@graph":[{"@type":"WebPage","@id":"https:\/\/abaf-pl.com\/en\/chicken-thighs-supplier\/","url":"https:\/\/abaf-pl.com\/en\/chicken-thighs-supplier\/","name":"ABAF Sp. z o.o. | Additive-Free Chicken Thighs Supplier","isPartOf":{"@id":"https:\/\/abaf-pl.com\/en\/#website"},"datePublished":"2025-01-01T16:12:50+00:00","dateModified":"2025-01-17T11:54:00+00:00","description":"ABAF - is a trusted supplier of premium chicken thighs, free from additives and preservatives. We offer reliable distribution and logistics services across Europe","inLanguage":"en-US","potentialAction":[{"@type":"ReadAction","target":["https:\/\/abaf-pl.com\/en\/chicken-thighs-supplier\/"]}]},{"@type":"WebSite","@id":"https:\/\/abaf-pl.com\/en\/#website","url":"https:\/\/abaf-pl.com\/en\/","name":"abaf-pl.com","description":"Kuru Kesim A\u00e7\u0131lm\u0131\u015f Tavuk But","publisher":{"@id":"https:\/\/abaf-pl.com\/en\/#organization"},"alternateName":"A.B.A.F","potentialAction":[{"@type":"SearchAction","target":{"@type":"EntryPoint","urlTemplate":"https:\/\/abaf-pl.com\/en\/?s={search_term_string}"},"query-input":{"@type":"PropertyValueSpecification","valueRequired":true,"valueName":"search_term_string"}}],"inLanguage":"en-US"},{"@type":"Organization","@id":"https:\/\/abaf-pl.com\/en\/#organization","name":"A.B.A.F Sp.z.o.o","alternateName":"ABAF","url":"https:\/\/abaf-pl.com\/en\/","logo":{"@type":"ImageObject","inLanguage":"en-US","@id":"https:\/\/abaf-pl.com\/en\/#\/schema\/logo\/image\/","url":"https:\/\/abaf-pl.com\/wp-content\/uploads\/2025\/01\/favicon2.png","contentUrl":"https:\/\/abaf-pl.com\/wp-content\/uploads\/2025\/01\/favicon2.png","width":512,"height":512,"caption":"A.B.A.F Sp.z.o.o"},"image":{"@id":"https:\/\/abaf-pl.com\/en\/#\/schema\/logo\/image\/"},"sameAs":["https:\/\/www.facebook.com\/share\/aNgaj6i7JxRY1Uqd\/","https:\/\/www.instagram.com\/a.b.a.f_sp._z_o.o"]}]}},"_links":{"self":[{"href":"https:\/\/abaf-pl.com\/en\/wp-json\/wp\/v2\/pages\/897","targetHints":{"allow":["GET"]}}],"collection":[{"href":"https:\/\/abaf-pl.com\/en\/wp-json\/wp\/v2\/pages"}],"about":[{"href":"https:\/\/abaf-pl.com\/en\/wp-json\/wp\/v2\/types\/page"}],"author":[{"embeddable":true,"href":"https:\/\/abaf-pl.com\/en\/wp-json\/wp\/v2\/users\/1"}],"replies":[{"embeddable":true,"href":"https:\/\/abaf-pl.com\/en\/wp-json\/wp\/v2\/comments?post=897"}],"version-history":[{"count":19,"href":"https:\/\/abaf-pl.com\/en\/wp-json\/wp\/v2\/pages\/897\/revisions"}],"predecessor-version":[{"id":1164,"href":"https:\/\/abaf-pl.com\/en\/wp-json\/wp\/v2\/pages\/897\/revisions\/1164"}],"wp:attachment":[{"href":"https:\/\/abaf-pl.com\/en\/wp-json\/wp\/v2\/media?parent=897"}],"curies":[{"name":"wp","href":"https:\/\/api.w.org\/{rel}","templated":true}]}}